{"id":3,"date":"2025-11-13T15:20:59","date_gmt":"2025-11-13T15:20:59","guid":{"rendered":"https:\/\/lushgardentenerife.es\/?page_id=3"},"modified":"2025-11-22T18:09:43","modified_gmt":"2025-11-22T18:09:43","slug":"adatvedelmi-iranyelvek","status":"publish","type":"page","link":"https:\/\/lushgardentenerife.es\/hu\/privacy-policy\/","title":{"rendered":"Adatv\u00e9delmi szab\u00e1lyzat"},"content":{"rendered":"<div data-elementor-type=\"wp-page\" data-elementor-id=\"3\" class=\"elementor elementor-3\" data-elementor-post-type=\"page\">\n\t\t\t\t<div class=\"elementor-element elementor-element-4a6701c3 e-flex e-con-boxed e-con e-parent\" data-id=\"4a6701c3\" data-element_type=\"container\" data-e-type=\"container\" data-settings=\"{&quot;background_background&quot;:&quot;classic&quot;}\">\n\t\t\t\t\t<div class=\"e-con-inner\">\n\t\t<div class=\"elementor-element elementor-element-6516b0e e-con-full e-flex e-con e-child\" data-id=\"6516b0e\" data-element_type=\"container\" data-e-type=\"container\">\n\t\t\t\t<div class=\"elementor-element elementor-element-05c2c8b elementor-widget elementor-widget-heading\" data-id=\"05c2c8b\" data-element_type=\"widget\" data-e-type=\"widget\" data-widget_type=\"heading.default\">\n\t\t\t\t\t<h2 class=\"elementor-heading-title elementor-size-default\">Adatv\u00e9delmi szab\u00e1lyzat<\/h2>\t\t\t\t<\/div>\n\t\t\t\t<\/div>\n\t\t<div class=\"elementor-element elementor-element-bfe524a e-con-full e-flex e-con e-child\" data-id=\"bfe524a\" data-element_type=\"container\" data-e-type=\"container\">\n\t\t\t\t<div class=\"elementor-element elementor-element-d9ee92f elementor-widget elementor-widget-heading\" data-id=\"d9ee92f\" data-element_type=\"widget\" data-e-type=\"widget\" data-widget_type=\"heading.default\">\n\t\t\t\t\t<h2 class=\"elementor-heading-title elementor-size-default\">Adatkezel\u0151<\/h2>\t\t\t\t<\/div>\n\t\t\t\t<div class=\"elementor-element elementor-element-8427386 elementor-widget elementor-widget-text-editor\" data-id=\"8427386\" data-element_type=\"widget\" data-e-type=\"widget\" data-widget_type=\"text-editor.default\">\n\t\t\t\t\t\t\t\t\t<p>A weboldalon gy\u0171jt\u00f6tt szem\u00e9lyes adatokat a k\u00f6vetkez\u0151 szervezetek kezelik:<\/p><ul><li>Ny\u00e1ri R\u00f3bert<\/li><li>NIE: Z2422602V<\/li><li>E-mail: info@lushgardentenerife.es<\/li><li>Telefon: +34 632 636 212<\/li><\/ul>\t\t\t\t\t\t\t\t<\/div>\n\t\t\t\t<\/div>\n\t\t<div class=\"elementor-element elementor-element-e8759c9 e-con-full e-flex e-con e-child\" data-id=\"e8759c9\" data-element_type=\"container\" data-e-type=\"container\">\n\t\t\t\t<div class=\"elementor-element elementor-element-c7b3ae3 elementor-widget elementor-widget-heading\" data-id=\"c7b3ae3\" data-element_type=\"widget\" data-e-type=\"widget\" data-widget_type=\"heading.default\">\n\t\t\t\t\t<h2 class=\"elementor-heading-title elementor-size-default\">Milyen szem\u00e9lyes adatokat gy\u0171jt\u00fcnk<\/h2>\t\t\t\t<\/div>\n\t\t\t\t<div class=\"elementor-element elementor-element-54ea4af elementor-widget elementor-widget-text-editor\" data-id=\"54ea4af\" data-element_type=\"widget\" data-e-type=\"widget\" data-widget_type=\"text-editor.default\">\n\t\t\t\t\t\t\t\t\t<p>A weboldal haszn\u00e1lata sor\u00e1n a k\u00f6vetkez\u0151 szem\u00e9lyes adatokat gy\u0171jthetj\u00fck:<\/p><ul><li>Azonos\u00edt\u00f3 adatok: n\u00e9v, e-mail c\u00edm, telefonsz\u00e1m (amikor kapcsolatba l\u00e9p vel\u00fcnk).<\/li><li>M\u0171szaki adatok: IP-c\u00edm, b\u00f6ng\u00e9sz\u0151 t\u00edpusa, eszk\u00f6zinform\u00e1ci\u00f3k, megtekintett oldalak.<\/li><li>B\u00e1rmely, \u0171rlapokon, e-mailben vagy \u00fczenetk\u00fcld\u0151 alkalmaz\u00e1sokon kereszt\u00fcl \u00f6nk\u00e9nt megadott adat.<\/li><\/ul>\t\t\t\t\t\t\t\t<\/div>\n\t\t\t\t<\/div>\n\t\t<div class=\"elementor-element elementor-element-35b00ec e-con-full e-flex e-con e-child\" data-id=\"35b00ec\" data-element_type=\"container\" data-e-type=\"container\">\n\t\t\t\t<div class=\"elementor-element elementor-element-b68a9da elementor-widget elementor-widget-heading\" data-id=\"b68a9da\" data-element_type=\"widget\" data-e-type=\"widget\" data-widget_type=\"heading.default\">\n\t\t\t\t\t<h2 class=\"elementor-heading-title elementor-size-default\">Az adatkezel\u00e9s c\u00e9lja<\/h2>\t\t\t\t<\/div>\n\t\t\t\t<div class=\"elementor-element elementor-element-c5c2408 elementor-widget elementor-widget-text-editor\" data-id=\"c5c2408\" data-element_type=\"widget\" data-e-type=\"widget\" data-widget_type=\"text-editor.default\">\n\t\t\t\t\t\t\t\t\t<p>Az \u00d6n adatait a k\u00f6vetkez\u0151 c\u00e9lokb\u00f3l kezelj\u00fck:<\/p><ul><li>K\u00e9rd\u00e9sek \u00e9s szolg\u00e1ltat\u00e1si ig\u00e9nyek megv\u00e1laszol\u00e1sa.<\/li><li>\u00c1raj\u00e1nlatok k\u00e9sz\u00edt\u00e9se, kommunik\u00e1ci\u00f3 \u00e9s \u00fcgyf\u00e9lszolg\u00e1lat.<\/li><li>Kert\u00e9szeti szolg\u00e1ltat\u00e1sok \u00fctemez\u00e9se \u00e9s ut\u00f3lagos kapcsolatfelv\u00e9tel.<\/li><li>Weboldal funkcionalit\u00e1s, elemz\u00e9s \u00e9s teljes\u00edtm\u00e9nyjav\u00edt\u00e1s.<\/li><li>A jogi k\u00f6telezetts\u00e9gek betart\u00e1sa.<\/li><\/ul>\t\t\t\t\t\t\t\t<\/div>\n\t\t\t\t<\/div>\n\t\t<div class=\"elementor-element elementor-element-7821475 e-con-full e-flex e-con e-child\" data-id=\"7821475\" data-element_type=\"container\" data-e-type=\"container\">\n\t\t\t\t<div class=\"elementor-element elementor-element-33e07f0 elementor-widget elementor-widget-heading\" data-id=\"33e07f0\" data-element_type=\"widget\" data-e-type=\"widget\" data-widget_type=\"heading.default\">\n\t\t\t\t\t<h2 class=\"elementor-heading-title elementor-size-default\">Jogi alap<\/h2>\t\t\t\t<\/div>\n\t\t\t\t<div class=\"elementor-element elementor-element-0071149 elementor-widget elementor-widget-text-editor\" data-id=\"0071149\" data-element_type=\"widget\" data-e-type=\"widget\" data-widget_type=\"text-editor.default\">\n\t\t\t\t\t\t\t\t\t<p>Az adatok feldolgoz\u00e1sa az al\u00e1bbiak alapj\u00e1n t\u00f6rt\u00e9nik:<\/p><ul><li>Szerz\u0151d\u00e9s teljes\u00edt\u00e9se (szolg\u00e1ltat\u00e1sok vagy \u00e1raj\u00e1nlatok ig\u00e9nyl\u00e9sekor).<\/li><li>Hozz\u00e1j\u00e1rul\u00e1s (kapcsolatfelv\u00e9teli \u0171rlapok, opcion\u00e1lis kommunik\u00e1ci\u00f3, cookie-k).<\/li><li>Jogszer\u0171 \u00e9rdek (alapvet\u0151 elemz\u00e9s \u00e9s biztons\u00e1g).<\/li><li>Jogi k\u00f6telezetts\u00e9gek (sz\u00e1ml\u00e1z\u00e1s, ad\u00f3z\u00e1s, nyilv\u00e1ntart\u00e1s vezet\u00e9se).<\/li><\/ul>\t\t\t\t\t\t\t\t<\/div>\n\t\t\t\t<\/div>\n\t\t<div class=\"elementor-element elementor-element-a51a161 e-con-full e-flex e-con e-child\" data-id=\"a51a161\" data-element_type=\"container\" data-e-type=\"container\">\n\t\t\t\t<div class=\"elementor-element elementor-element-166d762 elementor-widget elementor-widget-heading\" data-id=\"166d762\" data-element_type=\"widget\" data-e-type=\"widget\" data-widget_type=\"heading.default\">\n\t\t\t\t\t<h2 class=\"elementor-heading-title elementor-size-default\">Adatt\u00e1rol\u00e1s<\/h2>\t\t\t\t<\/div>\n\t\t\t\t<div class=\"elementor-element elementor-element-639d85a elementor-widget elementor-widget-text-editor\" data-id=\"639d85a\" data-element_type=\"widget\" data-e-type=\"widget\" data-widget_type=\"text-editor.default\">\n\t\t\t\t\t\t\t\t\t<ul><li>\u00c9rdekl\u0151d\u00e9s \u00e9s szolg\u00e1ltat\u00e1sig\u00e9nyl\u00e9s adatai: legfeljebb 12 h\u00f3napig t\u00e1roljuk.<\/li><li>\u00dcgyf\u00e9ladatok: a t\u00f6rv\u00e9nyben el\u0151\u00edrt ideig meg\u0151rz\u00e9sre ker\u00fclnek (pl. ad\u00f3k\u00f6telezetts\u00e9gek).<\/li><li>Analitikai adatok: a cookie-kra vonatkoz\u00f3 ir\u00e1nyelveknek \u00e9s hozz\u00e1j\u00e1rul\u00e1snak megfelel\u0151en.<\/li><\/ul>\t\t\t\t\t\t\t\t<\/div>\n\t\t\t\t<\/div>\n\t\t<div class=\"elementor-element elementor-element-566ad01 e-con-full e-flex e-con e-child\" data-id=\"566ad01\" data-element_type=\"container\" data-e-type=\"container\">\n\t\t\t\t<div class=\"elementor-element elementor-element-2976d76 elementor-widget elementor-widget-heading\" data-id=\"2976d76\" data-element_type=\"widget\" data-e-type=\"widget\" data-widget_type=\"heading.default\">\n\t\t\t\t\t<h2 class=\"elementor-heading-title elementor-size-default\">Adatmegoszt\u00e1s<\/h2>\t\t\t\t<\/div>\n\t\t\t\t<div class=\"elementor-element elementor-element-14eda6d elementor-widget elementor-widget-text-editor\" data-id=\"14eda6d\" data-element_type=\"widget\" data-e-type=\"widget\" data-widget_type=\"text-editor.default\">\n\t\t\t\t\t\t\t\t\t<p>A szem\u00e9lyes adatok megoszthat\u00f3k:<\/p><ul><li>T\u00e1rhelyszolg\u00e1ltat\u00f3k \u00e9s technikai szolg\u00e1ltat\u00f3k.<\/li><li>E-mail \u00e9s kommunik\u00e1ci\u00f3s platformok.<\/li><li>Fizet\u00e9si vagy sz\u00e1ml\u00e1z\u00e1si szolg\u00e1ltat\u00e1sok (ha alkalmazhat\u00f3).<br \/>Minden harmadik f\u00e9l megfelel a GDPR k\u00f6vetelm\u00e9nyeinek.<\/li><\/ul><p>Adatokat marketing c\u00e9lokra nem adunk el \u00e9s nem tov\u00e1bb\u00edtunk.<\/p>\t\t\t\t\t\t\t\t<\/div>\n\t\t\t\t<\/div>\n\t\t<div class=\"elementor-element elementor-element-b3cd670 e-con-full e-flex e-con e-child\" data-id=\"b3cd670\" data-element_type=\"container\" data-e-type=\"container\">\n\t\t\t\t<div class=\"elementor-element elementor-element-5e6bc8d elementor-widget elementor-widget-heading\" data-id=\"5e6bc8d\" data-element_type=\"widget\" data-e-type=\"widget\" data-widget_type=\"heading.default\">\n\t\t\t\t\t<h2 class=\"elementor-heading-title elementor-size-default\">Nemzetk\u00f6zi \u00e1tutal\u00e1sok<\/h2>\t\t\t\t<\/div>\n\t\t\t\t<div class=\"elementor-element elementor-element-22b5279 elementor-widget elementor-widget-text-editor\" data-id=\"22b5279\" data-element_type=\"widget\" data-e-type=\"widget\" data-widget_type=\"text-editor.default\">\n\t\t\t\t\t\t\t\t\t<p>Ha b\u00e1rmelyik haszn\u00e1lt szolg\u00e1ltat\u00e1s az EU-n k\u00edv\u00fcli adat\u00e1tvitelt is mag\u00e1ban foglal (pl. Google-szolg\u00e1ltat\u00e1sok), akkor ez a GDPR-nak megfelel\u0151 biztos\u00edt\u00e9kok, p\u00e9ld\u00e1ul a standard szerz\u0151d\u00e9ses kik\u00f6t\u00e9sek alapj\u00e1n t\u00f6rt\u00e9nik.<\/p>\t\t\t\t\t\t\t\t<\/div>\n\t\t\t\t<\/div>\n\t\t<div class=\"elementor-element elementor-element-6564bbb e-con-full e-flex e-con e-child\" data-id=\"6564bbb\" data-element_type=\"container\" data-e-type=\"container\">\n\t\t\t\t<div class=\"elementor-element elementor-element-b579b1d elementor-widget elementor-widget-heading\" data-id=\"b579b1d\" data-element_type=\"widget\" data-e-type=\"widget\" data-widget_type=\"heading.default\">\n\t\t\t\t\t<h2 class=\"elementor-heading-title elementor-size-default\">Az \u00d6n jogai (GDPR)<\/h2>\t\t\t\t<\/div>\n\t\t\t\t<div class=\"elementor-element elementor-element-341a9fc elementor-widget elementor-widget-text-editor\" data-id=\"341a9fc\" data-element_type=\"widget\" data-e-type=\"widget\" data-widget_type=\"text-editor.default\">\n\t\t\t\t\t\t\t\t\t<p>A k\u00f6vetkez\u0151 jogokat b\u00e1rmikor gyakorolhatja:<\/p><ul><li>Hozz\u00e1f\u00e9r\u00e9shez val\u00f3 jog<\/li><li>Helyesb\u00edt\u00e9shez val\u00f3 jog<\/li><li>T\u00f6rl\u00e9shez val\u00f3 jog<\/li><li>Az adatkezel\u00e9s korl\u00e1toz\u00e1s\u00e1hoz val\u00f3 jog<\/li><li>Az adatok hordozhat\u00f3s\u00e1g\u00e1hoz val\u00f3 jog<\/li><li>Tiltakoz\u00e1si jog<\/li><li>A hozz\u00e1j\u00e1rul\u00e1s visszavon\u00e1s\u00e1nak joga<\/li><\/ul><p>Ezen jogok gyakorl\u00e1s\u00e1hoz k\u00fcldj\u00f6n e-mailt a k\u00f6vetkez\u0151 c\u00edmre: info@lushgardentenerife.es<\/p><p>\u00d6nnek joga van panaszt beny\u00fajtani az AEPD-hez (Agencia Espa\u00f1ola de Protecci\u00f3n de Datos, Spanyol Adatv\u00e9delmi \u00dcgyn\u00f6ks\u00e9g).<\/p>\t\t\t\t\t\t\t\t<\/div>\n\t\t\t\t<\/div>\n\t\t<div class=\"elementor-element elementor-element-6f6ebf3 e-con-full e-flex e-con e-child\" data-id=\"6f6ebf3\" data-element_type=\"container\" data-e-type=\"container\">\n\t\t\t\t<div class=\"elementor-element elementor-element-b1293c7 elementor-widget elementor-widget-heading\" data-id=\"b1293c7\" data-element_type=\"widget\" data-e-type=\"widget\" data-widget_type=\"heading.default\">\n\t\t\t\t\t<h2 class=\"elementor-heading-title elementor-size-default\">Biztons\u00e1gi int\u00e9zked\u00e9sek<\/h2>\t\t\t\t<\/div>\n\t\t\t\t<div class=\"elementor-element elementor-element-f8bb684 elementor-widget elementor-widget-text-editor\" data-id=\"f8bb684\" data-element_type=\"widget\" data-e-type=\"widget\" data-widget_type=\"text-editor.default\">\n\t\t\t\t\t\t\t\t\t<p>A szem\u00e9lyes adatok v\u00e9delme \u00e9rdek\u00e9ben megfelel\u0151 technikai \u00e9s szervez\u00e9si int\u00e9zked\u00e9seket hajtunk v\u00e9gre, ide\u00e9rtve a titkos\u00edtott kapcsolatokat (HTTPS), a biztons\u00e1gos t\u00e1rhelyszolg\u00e1ltat\u00e1st \u00e9s a korl\u00e1tozott hozz\u00e1f\u00e9r\u00e9st.<\/p>\t\t\t\t\t\t\t\t<\/div>\n\t\t\t\t<\/div>\n\t\t<div class=\"elementor-element elementor-element-7e5db27 e-con-full e-flex e-con e-child\" data-id=\"7e5db27\" data-element_type=\"container\" data-e-type=\"container\">\n\t\t\t\t<div class=\"elementor-element elementor-element-7ba822c elementor-widget elementor-widget-heading\" data-id=\"7ba822c\" data-element_type=\"widget\" data-e-type=\"widget\" data-widget_type=\"heading.default\">\n\t\t\t\t\t<h2 class=\"elementor-heading-title elementor-size-default\">A jelen adatv\u00e9delmi ir\u00e1nyelv m\u00f3dos\u00edt\u00e1sai<\/h2>\t\t\t\t<\/div>\n\t\t\t\t<div class=\"elementor-element elementor-element-cabd699 elementor-widget elementor-widget-text-editor\" data-id=\"cabd699\" data-element_type=\"widget\" data-e-type=\"widget\" data-widget_type=\"text-editor.default\">\n\t\t\t\t\t\t\t\t\t<p>Jogi k\u00f6vetelm\u00e9nyeknek val\u00f3 megfelel\u00e9s vagy a vil\u00e1goss\u00e1g jav\u00edt\u00e1sa \u00e9rdek\u00e9ben friss\u00edthetj\u00fck ezt a politik\u00e1t. A legfrissebb verzi\u00f3 mindig el\u00e9rhet\u0151 lesz ezen a weboldalon.<\/p>\t\t\t\t\t\t\t\t<\/div>\n\t\t\t\t<\/div>\n\t\t\t\t\t<\/div>\n\t\t\t\t<\/div>\n\t\t\t\t<\/div>","protected":false},"excerpt":{"rendered":"<p>Privacy Policy Data Controller The personal data collected on this website are processed by: R\u00f3bert Ny\u00e1ri NIE: Z2422602V Email: info@lushgardentenerife.es [&hellip;]<\/p>\n","protected":false},"author":1,"featured_media":0,"parent":0,"menu_order":0,"comment_status":"closed","ping_status":"open","template":"elementor_header_footer","meta":{"site-sidebar-layout":"default","site-content-layout":"","ast-site-content-layout":"full-width-container","site-content-style":"default","site-sidebar-style":"default","ast-global-header-display":"","ast-banner-title-visibility":"","ast-main-header-display":"","ast-hfb-above-header-display":"","ast-hfb-below-header-display":"","ast-hfb-mobile-header-display":"","site-post-title":"","ast-breadcrumbs-content":"","ast-featured-img":"","footer-sml-layout":"","ast-disable-related-posts":"","theme-transparent-header-meta":"default","adv-header-id-meta":"","stick-header-meta":"","header-above-stick-meta":"","header-main-stick-meta":"","header-below-stick-meta":"","astra-migrate-meta-layouts":"set","ast-page-background-enabled":"default","ast-page-background-meta":{"desktop":{"background-color":"var(--ast-global-color-4)","background-image":"","background-repeat":"repeat","background-position":"center center","background-size":"auto","background-attachment":"scroll","background-type":"","background-media":"","overlay-type":"","overlay-color":"","overlay-opacity":"","overlay-gradient":""},"tablet":{"background-color":"","background-image":"","background-repeat":"repeat","background-position":"center center","background-size":"auto","background-attachment":"scroll","background-type":"","background-media":"","overlay-type":"","overlay-color":"","overlay-opacity":"","overlay-gradient":""},"mobile":{"background-color":"","background-image":"","background-repeat":"repeat","background-position":"center center","background-size":"auto","background-attachment":"scroll","background-type":"","background-media":"","overlay-type":"","overlay-color":"","overlay-opacity":"","overlay-gradient":""}},"ast-content-background-meta":{"desktop":{"background-color":"var(--ast-global-color-5)","background-image":"","background-repeat":"repeat","background-position":"center center","background-size":"auto","background-attachment":"scroll","background-type":"","background-media":"","overlay-type":"","overlay-color":"","overlay-opacity":"","overlay-gradient":""},"tablet":{"background-color":"var(--ast-global-color-5)","background-image":"","background-repeat":"repeat","background-position":"center center","background-size":"auto","background-attachment":"scroll","background-type":"","background-media":"","overlay-type":"","overlay-color":"","overlay-opacity":"","overlay-gradient":""},"mobile":{"background-color":"var(--ast-global-color-5)","background-image":"","background-repeat":"repeat","background-position":"center center","background-size":"auto","background-attachment":"scroll","background-type":"","background-media":"","overlay-type":"","overlay-color":"","overlay-opacity":"","overlay-gradient":""}},"footnotes":""},"class_list":["post-3","page","type-page","status-publish","hentry"],"yoast_head":"<!-- This site is optimized with the Yoast SEO Premium plugin v27.4 (Yoast SEO v27.4) - https:\/\/yoast.com\/product\/yoast-seo-premium-wordpress\/ -->\n<title>Privacy Policy - Lush Garden Tenerife<\/title>\n<meta name=\"robots\" content=\"index, follow, max-snippet:-1, max-image-preview:large, max-video-preview:-1\" \/>\n<link rel=\"canonical\" href=\"https:\/\/lushgardentenerife.es\/hu\/adatvedelmi-iranyelvek\/\" \/>\n<meta property=\"og:locale\" content=\"hu_HU\" \/>\n<meta property=\"og:type\" content=\"article\" \/>\n<meta property=\"og:title\" content=\"Privacy Policy\" \/>\n<meta property=\"og:description\" content=\"Privacy Policy Data Controller The personal data collected on this website are processed by: R\u00f3bert Ny\u00e1ri NIE: Z2422602V Email: info@lushgardentenerife.es [&hellip;]\" \/>\n<meta property=\"og:url\" content=\"https:\/\/lushgardentenerife.es\/hu\/adatvedelmi-iranyelvek\/\" \/>\n<meta property=\"og:site_name\" content=\"Lush Garden Tenerife\" \/>\n<meta property=\"article:modified_time\" content=\"2025-11-22T18:09:43+00:00\" \/>\n<meta name=\"twitter:card\" content=\"summary_large_image\" \/>\n<meta name=\"twitter:label1\" content=\"Becs\u00fclt olvas\u00e1si id\u0151\" \/>\n\t<meta name=\"twitter:data1\" content=\"2 perc\" \/>\n<script type=\"application\/ld+json\" class=\"yoast-schema-graph\">{\"@context\":\"https:\\\/\\\/schema.org\",\"@graph\":[{\"@type\":\"WebPage\",\"@id\":\"https:\\\/\\\/lushgardentenerife.es\\\/privacy-policy\\\/\",\"url\":\"https:\\\/\\\/lushgardentenerife.es\\\/privacy-policy\\\/\",\"name\":\"Privacy Policy - Lush Garden Tenerife\",\"isPartOf\":{\"@id\":\"https:\\\/\\\/lushgardentenerife.es\\\/#website\"},\"datePublished\":\"2025-11-13T15:20:59+00:00\",\"dateModified\":\"2025-11-22T18:09:43+00:00\",\"breadcrumb\":{\"@id\":\"https:\\\/\\\/lushgardentenerife.es\\\/privacy-policy\\\/#breadcrumb\"},\"inLanguage\":\"hu\",\"potentialAction\":[{\"@type\":\"ReadAction\",\"target\":[\"https:\\\/\\\/lushgardentenerife.es\\\/privacy-policy\\\/\"]}]},{\"@type\":\"BreadcrumbList\",\"@id\":\"https:\\\/\\\/lushgardentenerife.es\\\/privacy-policy\\\/#breadcrumb\",\"itemListElement\":[{\"@type\":\"ListItem\",\"position\":1,\"name\":\"Kezd\u0151lap\",\"item\":\"https:\\\/\\\/lushgardentenerife.es\\\/\"},{\"@type\":\"ListItem\",\"position\":2,\"name\":\"Privacy Policy\"}]},{\"@type\":\"WebSite\",\"@id\":\"https:\\\/\\\/lushgardentenerife.es\\\/#website\",\"url\":\"https:\\\/\\\/lushgardentenerife.es\\\/\",\"name\":\"Lush Garden Tenerife\",\"description\":\"Create and maintain stunning outdoor gardens with expert care\",\"potentialAction\":[{\"@type\":\"SearchAction\",\"target\":{\"@type\":\"EntryPoint\",\"urlTemplate\":\"https:\\\/\\\/lushgardentenerife.es\\\/?s={search_term_string}\"},\"query-input\":{\"@type\":\"PropertyValueSpecification\",\"valueRequired\":true,\"valueName\":\"search_term_string\"}}],\"inLanguage\":\"hu\"}]}<\/script>\n<!-- \/ Yoast SEO Premium plugin. -->","yoast_head_json":{"title":"Adatv\u00e9delmi ir\u00e1nyelvek \u2013 Lush Garden Tenerife","robots":{"index":"index","follow":"follow","max-snippet":"max-snippet:-1","max-image-preview":"max-image-preview:large","max-video-preview":"max-video-preview:-1"},"canonical":"https:\/\/lushgardentenerife.es\/hu\/adatvedelmi-iranyelvek\/","og_locale":"hu_HU","og_type":"article","og_title":"Privacy Policy","og_description":"Privacy Policy Data Controller The personal data collected on this website are processed by: R\u00f3bert Ny\u00e1ri NIE: Z2422602V Email: info@lushgardentenerife.es [&hellip;]","og_url":"https:\/\/lushgardentenerife.es\/hu\/adatvedelmi-iranyelvek\/","og_site_name":"Lush Garden Tenerife","article_modified_time":"2025-11-22T18:09:43+00:00","twitter_card":"summary_large_image","twitter_misc":{"Becs\u00fclt olvas\u00e1si id\u0151":"2 perc"},"schema":{"@context":"https:\/\/schema.org","@graph":[{"@type":"WebPage","@id":"https:\/\/lushgardentenerife.es\/privacy-policy\/","url":"https:\/\/lushgardentenerife.es\/privacy-policy\/","name":"Adatv\u00e9delmi ir\u00e1nyelvek \u2013 Lush Garden Tenerife","isPartOf":{"@id":"https:\/\/lushgardentenerife.es\/#website"},"datePublished":"2025-11-13T15:20:59+00:00","dateModified":"2025-11-22T18:09:43+00:00","breadcrumb":{"@id":"https:\/\/lushgardentenerife.es\/privacy-policy\/#breadcrumb"},"inLanguage":"hu","potentialAction":[{"@type":"ReadAction","target":["https:\/\/lushgardentenerife.es\/privacy-policy\/"]}]},{"@type":"BreadcrumbList","@id":"https:\/\/lushgardentenerife.es\/privacy-policy\/#breadcrumb","itemListElement":[{"@type":"ListItem","position":1,"name":"Kezd\u0151lap","item":"https:\/\/lushgardentenerife.es\/"},{"@type":"ListItem","position":2,"name":"Privacy Policy"}]},{"@type":"WebSite","@id":"https:\/\/lushgardentenerife.es\/#website","url":"https:\/\/lushgardentenerife.es\/","name":"Lush Garden Tenerife","description":"Leny\u0171g\u00f6z\u0151 k\u00fclt\u00e9ri kertek l\u00e9trehoz\u00e1sa \u00e9s karbantart\u00e1sa szak\u00e9rt\u0151i gondoss\u00e1ggal","potentialAction":[{"@type":"SearchAction","target":{"@type":"EntryPoint","urlTemplate":"https:\/\/lushgardentenerife.es\/?s={search_term_string}"},"query-input":{"@type":"PropertyValueSpecification","valueRequired":true,"valueName":"search_term_string"}}],"inLanguage":"hu"}]}},"_links":{"self":[{"href":"https:\/\/lushgardentenerife.es\/hu\/wp-json\/wp\/v2\/pages\/3","targetHints":{"allow":["GET"]}}],"collection":[{"href":"https:\/\/lushgardentenerife.es\/hu\/wp-json\/wp\/v2\/pages"}],"about":[{"href":"https:\/\/lushgardentenerife.es\/hu\/wp-json\/wp\/v2\/types\/page"}],"author":[{"embeddable":true,"href":"https:\/\/lushgardentenerife.es\/hu\/wp-json\/wp\/v2\/users\/1"}],"replies":[{"embeddable":true,"href":"https:\/\/lushgardentenerife.es\/hu\/wp-json\/wp\/v2\/comments?post=3"}],"version-history":[{"count":31,"href":"https:\/\/lushgardentenerife.es\/hu\/wp-json\/wp\/v2\/pages\/3\/revisions"}],"predecessor-version":[{"id":1738,"href":"https:\/\/lushgardentenerife.es\/hu\/wp-json\/wp\/v2\/pages\/3\/revisions\/1738"}],"wp:attachment":[{"href":"https:\/\/lushgardentenerife.es\/hu\/wp-json\/wp\/v2\/media?parent=3"}],"curies":[{"name":"wp","href":"https:\/\/api.w.org\/{rel}","templated":true}]}}