{"id":23,"date":"2025-11-13T17:55:21","date_gmt":"2025-11-13T17:55:21","guid":{"rendered":"https:\/\/lushgardentenerife.es\/contact\/"},"modified":"2025-11-25T22:06:24","modified_gmt":"2025-11-25T22:06:24","slug":"kapcsolat","status":"publish","type":"page","link":"https:\/\/lushgardentenerife.es\/hu\/contact\/","title":{"rendered":"El\u00e9rhet\u0151s\u00e9gek"},"content":{"rendered":"<div data-elementor-type=\"wp-page\" data-elementor-id=\"23\" class=\"elementor elementor-23\" data-elementor-post-type=\"page\">\n\t\t\t\t<div class=\"elementor-element elementor-element-934be5c e-flex e-con-boxed e-con e-parent\" data-id=\"934be5c\" data-element_type=\"container\" data-e-type=\"container\" data-settings=\"{&quot;background_background&quot;:&quot;classic&quot;}\">\n\t\t\t\t\t<div class=\"e-con-inner\">\n\t\t<div class=\"elementor-element elementor-element-06c8a1d e-con-full e-flex e-con e-child\" data-id=\"06c8a1d\" data-element_type=\"container\" data-e-type=\"container\" data-settings=\"{&quot;background_background&quot;:&quot;gradient&quot;}\">\n\t\t\t\t<div class=\"elementor-element elementor-element-dd3a417 elementor-widget__width-initial elementor-widget elementor-widget-image\" data-id=\"dd3a417\" data-element_type=\"widget\" data-e-type=\"widget\" data-widget_type=\"image.default\">\n\t\t\t\t\t\t\t\t\t\t\t\t\t\t\t\t<a href=\"https:\/\/lushgardentenerife.es\/hu\/\">\n\t\t\t\t\t\t\t<img fetchpriority=\"high\" decoding=\"async\" width=\"512\" height=\"512\" src=\"https:\/\/lushgardentenerife.es\/wp-content\/uploads\/2025\/11\/cropped-Favicon.webp\" class=\"attachment-large size-large wp-image-1454\" alt=\"\" srcset=\"https:\/\/lushgardentenerife.es\/wp-content\/uploads\/2025\/11\/cropped-Favicon.webp 512w, https:\/\/lushgardentenerife.es\/wp-content\/uploads\/2025\/11\/cropped-Favicon-300x300.webp 300w, https:\/\/lushgardentenerife.es\/wp-content\/uploads\/2025\/11\/cropped-Favicon-150x150.webp 150w, https:\/\/lushgardentenerife.es\/wp-content\/uploads\/2025\/11\/cropped-Favicon-270x270.webp 270w, https:\/\/lushgardentenerife.es\/wp-content\/uploads\/2025\/11\/cropped-Favicon-192x192.webp 192w, https:\/\/lushgardentenerife.es\/wp-content\/uploads\/2025\/11\/cropped-Favicon-180x180.webp 180w, https:\/\/lushgardentenerife.es\/wp-content\/uploads\/2025\/11\/cropped-Favicon-32x32.webp 32w\" sizes=\"(max-width: 512px) 100vw, 512px\" \/>\t\t\t\t\t\t\t\t<\/a>\n\t\t\t\t\t\t\t\t\t\t\t\t\t\t\t<\/div>\n\t\t<div class=\"elementor-element elementor-element-d0089d6 e-con-full e-flex e-con e-child\" data-id=\"d0089d6\" data-element_type=\"container\" data-e-type=\"container\">\n\t\t\t\t<div class=\"elementor-element elementor-element-d074e6c elementor-widget elementor-widget-heading\" data-id=\"d074e6c\" data-element_type=\"widget\" data-e-type=\"widget\" data-widget_type=\"heading.default\">\n\t\t\t\t\t<h1 class=\"elementor-heading-title elementor-size-default\">Vegye fel velem a kapcsolatot...<\/h1>\t\t\t\t<\/div>\n\t\t\t\t<div class=\"elementor-element elementor-element-210942e elementor-widget elementor-widget-text-editor\" data-id=\"210942e\" data-element_type=\"widget\" data-e-type=\"widget\" data-widget_type=\"text-editor.default\">\n\t\t\t\t\t\t\t\t\t<p>Vegye fel velem a kapcsolatot m\u00e9g ma, hogy id\u0151pontot egyeztess\u00fcnk egy konzult\u00e1ci\u00f3ra.<\/p>\t\t\t\t\t\t\t\t<\/div>\n\t\t\t\t<\/div>\n\t\t<div class=\"elementor-element elementor-element-e52037f e-con-full e-flex e-con e-child\" data-id=\"e52037f\" data-element_type=\"container\" data-e-type=\"container\">\n\t\t\t\t<div class=\"elementor-element elementor-element-a48e0c7 elementor-view-stacked elementor-shape-circle elementor-position-block-start elementor-mobile-position-block-start elementor-widget elementor-widget-icon-box\" data-id=\"a48e0c7\" data-element_type=\"widget\" data-e-type=\"widget\" data-widget_type=\"icon-box.default\">\n\t\t\t\t\t\t\t<div class=\"elementor-icon-box-wrapper\">\n\n\t\t\t\t\t\t<div class=\"elementor-icon-box-icon\">\n\t\t\t\t<span  class=\"elementor-icon\">\n\t\t\t\t<svg aria-hidden=\"true\" class=\"e-font-icon-svg e-far-user-circle\" viewbox=\"0 0 496 512\" xmlns=\"http:\/\/www.w3.org\/2000\/svg\"><path d=\"M248 104c-53 0-96 43-96 96s43 96 96 96 96-43 96-96-43-96-96-96zm0 144c-26.5 0-48-21.5-48-48s21.5-48 48-48 48 21.5 48 48-21.5 48-48 48zm0-240C111 8 0 119 0 256s111 248 248 248 248-111 248-248S385 8 248 8zm0 448c-49.7 0-95.1-18.3-130.1-48.4 14.9-23 40.4-38.6 69.6-39.5 20.8 6.4 40.6 9.6 60.5 9.6s39.7-3.1 60.5-9.6c29.2 1 54.7 16.5 69.6 39.5-35 30.1-80.4 48.4-130.1 48.4zm162.7-84.1c-24.4-31.4-62.1-51.9-105.1-51.9-10.2 0-26 9.6-57.6 9.6-31.5 0-47.4-9.6-57.6-9.6-42.9 0-80.6 20.5-105.1 51.9C61.9 339.2 48 299.2 48 256c0-110.3 89.7-200 200-200s200 89.7 200 200c0 43.2-13.9 83.2-37.3 115.9z\"><\/path><\/svg>\t\t\t\t<\/span>\n\t\t\t<\/div>\n\t\t\t\n\t\t\t\t\t\t<div class=\"elementor-icon-box-content\">\n\n\t\t\t\t\t\t\t\t\t<h4 class=\"elementor-icon-box-title\">\n\t\t\t\t\t\t<span  >\n\t\t\t\t\t\t\tNy\u00e1ri R\u00f3bert\t\t\t\t\t\t<\/span>\n\t\t\t\t\t<\/h4>\n\t\t\t\t\n\t\t\t\t\t\t\t\t\t<p class=\"elementor-icon-box-description\">\n\t\t\t\t\t\tEgy\u00e9ni v\u00e1llalkoz\u00f3, Icod de los Vinos\t\t\t\t\t<\/p>\n\t\t\t\t\n\t\t\t<\/div>\n\t\t\t\n\t\t<\/div>\n\t\t\t\t\t\t<\/div>\n\t\t\t\t<div class=\"elementor-element elementor-element-f81e89a elementor-view-stacked elementor-shape-circle elementor-position-block-start elementor-mobile-position-block-start elementor-widget elementor-widget-icon-box\" data-id=\"f81e89a\" data-element_type=\"widget\" data-e-type=\"widget\" data-widget_type=\"icon-box.default\">\n\t\t\t\t\t\t\t<div class=\"elementor-icon-box-wrapper\">\n\n\t\t\t\t\t\t<div class=\"elementor-icon-box-icon\">\n\t\t\t\t<a href=\"https:\/\/wa.me\/34632636212\" class=\"elementor-icon\" tabindex=\"-1\" aria-label=\"WhatsApp \u00fczenet k\u00fcld\u00e9se\">\n\t\t\t\t<svg aria-hidden=\"true\" class=\"e-font-icon-svg e-fab-whatsapp\" viewbox=\"0 0 448 512\" xmlns=\"http:\/\/www.w3.org\/2000\/svg\"><path d=\"M380.9 97.1C339 55.1 283.2 32 223.9 32c-122.4 0-222 99.6-222 222 0 39.1 10.2 77.3 29.6 111L0 480l117.7-30.9c32.4 17.7 68.9 27 106.1 27h.1c122.3 0 224.1-99.6 224.1-222 0-59.3-25.2-115-67.1-157zm-157 341.6c-33.2 0-65.7-8.9-94-25.7l-6.7-4-69.8 18.3L72 359.2l-4.4-7c-18.5-29.4-28.2-63.3-28.2-98.2 0-101.7 82.8-184.5 184.6-184.5 49.3 0 95.6 19.2 130.4 54.1 34.8 34.9 56.2 81.2 56.1 130.5 0 101.8-84.9 184.6-186.6 184.6zm101.2-138.2c-5.5-2.8-32.8-16.2-37.9-18-5.1-1.9-8.8-2.8-12.5 2.8-3.7 5.6-14.3 18-17.6 21.8-3.2 3.7-6.5 4.2-12 1.4-32.6-16.3-54-29.1-75.5-66-5.7-9.8 5.7-9.1 16.3-30.3 1.8-3.7.9-6.9-.5-9.7-1.4-2.8-12.5-30.1-17.1-41.2-4.5-10.8-9.1-9.3-12.5-9.5-3.2-.2-6.9-.2-10.6-.2-3.7 0-9.7 1.4-14.8 6.9-5.1 5.6-19.4 19-19.4 46.3 0 27.3 19.9 53.7 22.6 57.4 2.8 3.7 39.1 59.7 94.8 83.8 35.2 15.2 49 16.5 66.6 13.9 10.7-1.6 32.8-13.4 37.4-26.4 4.6-13 4.6-24.1 3.2-26.4-1.3-2.5-5-3.9-10.5-6.6z\"><\/path><\/svg>\t\t\t\t<\/a>\n\t\t\t<\/div>\n\t\t\t\n\t\t\t\t\t\t<div class=\"elementor-icon-box-content\">\n\n\t\t\t\t\t\t\t\t\t<h4 class=\"elementor-icon-box-title\">\n\t\t\t\t\t\t<a href=\"https:\/\/wa.me\/34632636212\" >\n\t\t\t\t\t\t\tWhatsApp \u00fczenet k\u00fcld\u00e9se\t\t\t\t\t\t<\/a>\n\t\t\t\t\t<\/h4>\n\t\t\t\t\n\t\t\t\t\t\t\t\t\t<p class=\"elementor-icon-box-description\">\n\t\t\t\t\t\t+34 632 636 212\t\t\t\t\t<\/p>\n\t\t\t\t\n\t\t\t<\/div>\n\t\t\t\n\t\t<\/div>\n\t\t\t\t\t\t<\/div>\n\t\t\t\t<\/div>\n\t\t<div class=\"elementor-element elementor-element-85a208f e-con-full e-flex e-con e-child\" data-id=\"85a208f\" data-element_type=\"container\" data-e-type=\"container\">\n\t\t\t\t<div class=\"elementor-element elementor-element-8c77596 elementor-view-stacked elementor-shape-circle elementor-position-block-start elementor-mobile-position-block-start elementor-widget elementor-widget-icon-box\" data-id=\"8c77596\" data-element_type=\"widget\" data-e-type=\"widget\" data-widget_type=\"icon-box.default\">\n\t\t\t\t\t\t\t<div class=\"elementor-icon-box-wrapper\">\n\n\t\t\t\t\t\t<div class=\"elementor-icon-box-icon\">\n\t\t\t\t<a href=\"mailto:info@lushgardentenerife.es\" class=\"elementor-icon\" tabindex=\"-1\" aria-label=\"E-mail k\u00fcld\u00e9se\">\n\t\t\t\t<svg aria-hidden=\"true\" class=\"e-font-icon-svg e-fas-envelope\" viewbox=\"0 0 512 512\" xmlns=\"http:\/\/www.w3.org\/2000\/svg\"><path d=\"M502.3 190.8c3.9-3.1 9.7-.2 9.7 4.7V400c0 26.5-21.5 48-48 48H48c-26.5 0-48-21.5-48-48V195.6c0-5 5.7-7.8 9.7-4.7 22.4 17.4 52.1 39.5 154.1 113.6 21.1 15.4 56.7 47.8 92.2 47.6 35.7.3 72-32.8 92.3-47.6 102-74.1 131.6-96.3 154-113.7zM256 320c23.2.4 56.6-29.2 73.4-41.4 132.7-96.3 142.8-104.7 173.4-128.7 5.8-4.5 9.2-11.5 9.2-18.9v-19c0-26.5-21.5-48-48-48H48C21.5 64 0 85.5 0 112v19c0 7.4 3.4 14.3 9.2 18.9 30.6 23.9 40.7 32.4 173.4 128.7 16.8 12.2 50.2 41.8 73.4 41.4z\"><\/path><\/svg>\t\t\t\t<\/a>\n\t\t\t<\/div>\n\t\t\t\n\t\t\t\t\t\t<div class=\"elementor-icon-box-content\">\n\n\t\t\t\t\t\t\t\t\t<h4 class=\"elementor-icon-box-title\">\n\t\t\t\t\t\t<a href=\"mailto:info@lushgardentenerife.es\" >\n\t\t\t\t\t\t\tE-mail k\u00fcld\u00e9se\t\t\t\t\t\t<\/a>\n\t\t\t\t\t<\/h4>\n\t\t\t\t\n\t\t\t\t\t\t\t\t\t<p class=\"elementor-icon-box-description\">\n\t\t\t\t\t\tinfo@lushgardentenerife.es\t\t\t\t\t<\/p>\n\t\t\t\t\n\t\t\t<\/div>\n\t\t\t\n\t\t<\/div>\n\t\t\t\t\t\t<\/div>\n\t\t\t\t<\/div>\n\t\t\t\t<\/div>\n\t\t\t\t\t<\/div>\n\t\t\t\t<\/div>\n\t\t\t\t<\/div>","protected":false},"excerpt":{"rendered":"<p>Contact Me&#8230; Contact me today to schedule a consultation. R\u00f3bert Ny\u00e1ri Aut\u00f3nomo, Icod de los Vinos Send WhatsApp +34 632 [&hellip;]<\/p>\n","protected":false},"author":1,"featured_media":0,"parent":0,"menu_order":0,"comment_status":"closed","ping_status":"closed","template":"elementor_header_footer","meta":{"site-sidebar-layout":"no-sidebar","site-content-layout":"","ast-site-content-layout":"full-width-container","site-content-style":"unboxed","site-sidebar-style":"unboxed","ast-global-header-display":"","ast-banner-title-visibility":"","ast-main-header-display":"","ast-hfb-above-header-display":"","ast-hfb-below-header-display":"","ast-hfb-mobile-header-display":"","site-post-title":"disabled","ast-breadcrumbs-content":"","ast-featured-img":"disabled","footer-sml-layout":"","ast-disable-related-posts":"","theme-transparent-header-meta":"enabled","adv-header-id-meta":"","stick-header-meta":"","header-above-stick-meta":"","header-main-stick-meta":"","header-below-stick-meta":"","astra-migrate-meta-layouts":"set","ast-page-background-enabled":"default","ast-page-background-meta":{"desktop":{"background-color":"var(--ast-global-color-4)","background-image":"","background-repeat":"repeat","background-position":"center center","background-size":"auto","background-attachment":"scroll","background-type":"","background-media":"","overlay-type":"","overlay-color":"","overlay-opacity":"","overlay-gradient":""},"tablet":{"background-color":"","background-image":"","background-repeat":"repeat","background-position":"center center","background-size":"auto","background-attachment":"scroll","background-type":"","background-media":"","overlay-type":"","overlay-color":"","overlay-opacity":"","overlay-gradient":""},"mobile":{"background-color":"","background-image":"","background-repeat":"repeat","background-position":"center center","background-size":"auto","background-attachment":"scroll","background-type":"","background-media":"","overlay-type":"","overlay-color":"","overlay-opacity":"","overlay-gradient":""}},"ast-content-background-meta":{"desktop":{"background-color":"var(--ast-global-color-5)","background-image":"","background-repeat":"repeat","background-position":"center center","background-size":"auto","background-attachment":"scroll","background-type":"","background-media":"","overlay-type":"","overlay-color":"","overlay-opacity":"","overlay-gradient":""},"tablet":{"background-color":"var(--ast-global-color-5)","background-image":"","background-repeat":"repeat","background-position":"center center","background-size":"auto","background-attachment":"scroll","background-type":"","background-media":"","overlay-type":"","overlay-color":"","overlay-opacity":"","overlay-gradient":""},"mobile":{"background-color":"var(--ast-global-color-5)","background-image":"","background-repeat":"repeat","background-position":"center center","background-size":"auto","background-attachment":"scroll","background-type":"","background-media":"","overlay-type":"","overlay-color":"","overlay-opacity":"","overlay-gradient":""}},"footnotes":""},"class_list":["post-23","page","type-page","status-publish","hentry"],"yoast_head":"<!-- This site is optimized with the Yoast SEO Premium plugin v27.4 (Yoast SEO v27.4) - https:\/\/yoast.com\/product\/yoast-seo-premium-wordpress\/ -->\n<title>Contact - Lush Garden Tenerife<\/title>\n<meta name=\"robots\" content=\"index, follow, max-snippet:-1, max-image-preview:large, max-video-preview:-1\" \/>\n<link rel=\"canonical\" href=\"https:\/\/lushgardentenerife.es\/hu\/kapcsolat\/\" \/>\n<meta property=\"og:locale\" content=\"hu_HU\" \/>\n<meta property=\"og:type\" content=\"article\" \/>\n<meta property=\"og:title\" content=\"Contact\" \/>\n<meta property=\"og:description\" content=\"Contact Me&#8230; Contact me today to schedule a consultation. R\u00f3bert Ny\u00e1ri Aut\u00f3nomo, Icod de los Vinos Send WhatsApp +34 632 [&hellip;]\" \/>\n<meta property=\"og:url\" content=\"https:\/\/lushgardentenerife.es\/hu\/kapcsolat\/\" \/>\n<meta property=\"og:site_name\" content=\"Lush Garden Tenerife\" \/>\n<meta property=\"article:modified_time\" content=\"2025-11-25T22:06:24+00:00\" \/>\n<meta property=\"og:image\" content=\"https:\/\/lushgardentenerife.es\/wp-content\/uploads\/2025\/11\/cropped-Favicon.webp\" \/>\n\t<meta property=\"og:image:width\" content=\"512\" \/>\n\t<meta property=\"og:image:height\" content=\"512\" \/>\n\t<meta property=\"og:image:type\" content=\"image\/webp\" \/>\n<meta name=\"twitter:card\" content=\"summary_large_image\" \/>\n<meta name=\"twitter:label1\" content=\"Becs\u00fclt olvas\u00e1si id\u0151\" \/>\n\t<meta name=\"twitter:data1\" content=\"1 perc\" \/>\n<script type=\"application\/ld+json\" class=\"yoast-schema-graph\">{\"@context\":\"https:\\\/\\\/schema.org\",\"@graph\":[{\"@type\":\"WebPage\",\"@id\":\"https:\\\/\\\/lushgardentenerife.es\\\/contact\\\/\",\"url\":\"https:\\\/\\\/lushgardentenerife.es\\\/contact\\\/\",\"name\":\"Contact - Lush Garden Tenerife\",\"isPartOf\":{\"@id\":\"https:\\\/\\\/lushgardentenerife.es\\\/#website\"},\"primaryImageOfPage\":{\"@id\":\"https:\\\/\\\/lushgardentenerife.es\\\/contact\\\/#primaryimage\"},\"image\":{\"@id\":\"https:\\\/\\\/lushgardentenerife.es\\\/contact\\\/#primaryimage\"},\"thumbnailUrl\":\"https:\\\/\\\/lushgardentenerife.es\\\/wp-content\\\/uploads\\\/2025\\\/11\\\/cropped-Favicon.webp\",\"datePublished\":\"2025-11-13T17:55:21+00:00\",\"dateModified\":\"2025-11-25T22:06:24+00:00\",\"breadcrumb\":{\"@id\":\"https:\\\/\\\/lushgardentenerife.es\\\/contact\\\/#breadcrumb\"},\"inLanguage\":\"hu\",\"potentialAction\":[{\"@type\":\"ReadAction\",\"target\":[\"https:\\\/\\\/lushgardentenerife.es\\\/contact\\\/\"]}]},{\"@type\":\"ImageObject\",\"inLanguage\":\"hu\",\"@id\":\"https:\\\/\\\/lushgardentenerife.es\\\/contact\\\/#primaryimage\",\"url\":\"https:\\\/\\\/lushgardentenerife.es\\\/wp-content\\\/uploads\\\/2025\\\/11\\\/cropped-Favicon.webp\",\"contentUrl\":\"https:\\\/\\\/lushgardentenerife.es\\\/wp-content\\\/uploads\\\/2025\\\/11\\\/cropped-Favicon.webp\"},{\"@type\":\"BreadcrumbList\",\"@id\":\"https:\\\/\\\/lushgardentenerife.es\\\/contact\\\/#breadcrumb\",\"itemListElement\":[{\"@type\":\"ListItem\",\"position\":1,\"name\":\"Kezd\u0151lap\",\"item\":\"https:\\\/\\\/lushgardentenerife.es\\\/\"},{\"@type\":\"ListItem\",\"position\":2,\"name\":\"Contact\"}]},{\"@type\":\"WebSite\",\"@id\":\"https:\\\/\\\/lushgardentenerife.es\\\/#website\",\"url\":\"https:\\\/\\\/lushgardentenerife.es\\\/\",\"name\":\"Lush Garden Tenerife\",\"description\":\"Create and maintain stunning outdoor gardens with expert care\",\"potentialAction\":[{\"@type\":\"SearchAction\",\"target\":{\"@type\":\"EntryPoint\",\"urlTemplate\":\"https:\\\/\\\/lushgardentenerife.es\\\/?s={search_term_string}\"},\"query-input\":{\"@type\":\"PropertyValueSpecification\",\"valueRequired\":true,\"valueName\":\"search_term_string\"}}],\"inLanguage\":\"hu\"}]}<\/script>\n<!-- \/ Yoast SEO Premium plugin. -->","yoast_head_json":{"title":"Kapcsolat - Lush Garden Tenerife","robots":{"index":"index","follow":"follow","max-snippet":"max-snippet:-1","max-image-preview":"max-image-preview:large","max-video-preview":"max-video-preview:-1"},"canonical":"https:\/\/lushgardentenerife.es\/hu\/kapcsolat\/","og_locale":"hu_HU","og_type":"article","og_title":"Contact","og_description":"Contact Me&#8230; Contact me today to schedule a consultation. R\u00f3bert Ny\u00e1ri Aut\u00f3nomo, Icod de los Vinos Send WhatsApp +34 632 [&hellip;]","og_url":"https:\/\/lushgardentenerife.es\/hu\/kapcsolat\/","og_site_name":"Lush Garden Tenerife","article_modified_time":"2025-11-25T22:06:24+00:00","og_image":[{"width":512,"height":512,"url":"https:\/\/lushgardentenerife.es\/wp-content\/uploads\/2025\/11\/cropped-Favicon.webp","type":"image\/webp"}],"twitter_card":"summary_large_image","twitter_misc":{"Becs\u00fclt olvas\u00e1si id\u0151":"1 perc"},"schema":{"@context":"https:\/\/schema.org","@graph":[{"@type":"WebPage","@id":"https:\/\/lushgardentenerife.es\/contact\/","url":"https:\/\/lushgardentenerife.es\/contact\/","name":"Kapcsolat - Lush Garden Tenerife","isPartOf":{"@id":"https:\/\/lushgardentenerife.es\/#website"},"primaryImageOfPage":{"@id":"https:\/\/lushgardentenerife.es\/contact\/#primaryimage"},"image":{"@id":"https:\/\/lushgardentenerife.es\/contact\/#primaryimage"},"thumbnailUrl":"https:\/\/lushgardentenerife.es\/wp-content\/uploads\/2025\/11\/cropped-Favicon.webp","datePublished":"2025-11-13T17:55:21+00:00","dateModified":"2025-11-25T22:06:24+00:00","breadcrumb":{"@id":"https:\/\/lushgardentenerife.es\/contact\/#breadcrumb"},"inLanguage":"hu","potentialAction":[{"@type":"ReadAction","target":["https:\/\/lushgardentenerife.es\/contact\/"]}]},{"@type":"ImageObject","inLanguage":"hu","@id":"https:\/\/lushgardentenerife.es\/contact\/#primaryimage","url":"https:\/\/lushgardentenerife.es\/wp-content\/uploads\/2025\/11\/cropped-Favicon.webp","contentUrl":"https:\/\/lushgardentenerife.es\/wp-content\/uploads\/2025\/11\/cropped-Favicon.webp"},{"@type":"BreadcrumbList","@id":"https:\/\/lushgardentenerife.es\/contact\/#breadcrumb","itemListElement":[{"@type":"ListItem","position":1,"name":"Kezd\u0151lap","item":"https:\/\/lushgardentenerife.es\/"},{"@type":"ListItem","position":2,"name":"Contact"}]},{"@type":"WebSite","@id":"https:\/\/lushgardentenerife.es\/#website","url":"https:\/\/lushgardentenerife.es\/","name":"Lush Garden Tenerife","description":"Leny\u0171g\u00f6z\u0151 k\u00fclt\u00e9ri kertek l\u00e9trehoz\u00e1sa \u00e9s karbantart\u00e1sa szak\u00e9rt\u0151i gondoss\u00e1ggal","potentialAction":[{"@type":"SearchAction","target":{"@type":"EntryPoint","urlTemplate":"https:\/\/lushgardentenerife.es\/?s={search_term_string}"},"query-input":{"@type":"PropertyValueSpecification","valueRequired":true,"valueName":"search_term_string"}}],"inLanguage":"hu"}]}},"_links":{"self":[{"href":"https:\/\/lushgardentenerife.es\/hu\/wp-json\/wp\/v2\/pages\/23","targetHints":{"allow":["GET"]}}],"collection":[{"href":"https:\/\/lushgardentenerife.es\/hu\/wp-json\/wp\/v2\/pages"}],"about":[{"href":"https:\/\/lushgardentenerife.es\/hu\/wp-json\/wp\/v2\/types\/page"}],"author":[{"embeddable":true,"href":"https:\/\/lushgardentenerife.es\/hu\/wp-json\/wp\/v2\/users\/1"}],"replies":[{"embeddable":true,"href":"https:\/\/lushgardentenerife.es\/hu\/wp-json\/wp\/v2\/comments?post=23"}],"version-history":[{"count":136,"href":"https:\/\/lushgardentenerife.es\/hu\/wp-json\/wp\/v2\/pages\/23\/revisions"}],"predecessor-version":[{"id":1878,"href":"https:\/\/lushgardentenerife.es\/hu\/wp-json\/wp\/v2\/pages\/23\/revisions\/1878"}],"wp:attachment":[{"href":"https:\/\/lushgardentenerife.es\/hu\/wp-json\/wp\/v2\/media?parent=23"}],"curies":[{"name":"wp","href":"https:\/\/api.w.org\/{rel}","templated":true}]}}