{"id":1740,"date":"2025-11-22T18:13:33","date_gmt":"2025-11-22T18:13:33","guid":{"rendered":"https:\/\/lushgardentenerife.es\/?page_id=1740"},"modified":"2025-11-22T18:24:03","modified_gmt":"2025-11-22T18:24:03","slug":"suti-politika","status":"publish","type":"page","link":"https:\/\/lushgardentenerife.es\/hu\/cookie-policy\/","title":{"rendered":"S\u00fctikre vonatkoz\u00f3 szab\u00e1lyzat"},"content":{"rendered":"<div data-elementor-type=\"wp-page\" data-elementor-id=\"1740\" class=\"elementor elementor-1740\" data-elementor-post-type=\"page\">\n\t\t\t\t<div class=\"elementor-element elementor-element-58c75f4 e-flex e-con-boxed e-con e-parent\" data-id=\"58c75f4\" data-element_type=\"container\" data-e-type=\"container\" data-settings=\"{&quot;background_background&quot;:&quot;classic&quot;}\">\n\t\t\t\t\t<div class=\"e-con-inner\">\n\t\t<div class=\"elementor-element elementor-element-cb7f979 e-con-full e-flex e-con e-child\" data-id=\"cb7f979\" data-element_type=\"container\" data-e-type=\"container\">\n\t\t\t\t<div class=\"elementor-element elementor-element-33ad6d4 elementor-widget elementor-widget-heading\" data-id=\"33ad6d4\" data-element_type=\"widget\" data-e-type=\"widget\" data-widget_type=\"heading.default\">\n\t\t\t\t\t<h2 class=\"elementor-heading-title elementor-size-default\">S\u00fctikre vonatkoz\u00f3 szab\u00e1lyzat<\/h2>\t\t\t\t<\/div>\n\t\t\t\t<\/div>\n\t\t<div class=\"elementor-element elementor-element-5664b55 e-con-full e-flex e-con e-child\" data-id=\"5664b55\" data-element_type=\"container\" data-e-type=\"container\">\n\t\t\t\t<div class=\"elementor-element elementor-element-0c1b18d elementor-widget elementor-widget-heading\" data-id=\"0c1b18d\" data-element_type=\"widget\" data-e-type=\"widget\" data-widget_type=\"heading.default\">\n\t\t\t\t\t<h2 class=\"elementor-heading-title elementor-size-default\">Mik azok a s\u00fctik (tov\u00e1bbiakban: cookie-k)?<\/h2>\t\t\t\t<\/div>\n\t\t\t\t<div class=\"elementor-element elementor-element-23934ef elementor-widget elementor-widget-text-editor\" data-id=\"23934ef\" data-element_type=\"widget\" data-e-type=\"widget\" data-widget_type=\"text-editor.default\">\n\t\t\t\t\t\t\t\t\t<p>A cookie-k kis sz\u00f6veges f\u00e1jlok, amelyek az \u00d6n eszk\u00f6z\u00e9n t\u00e1rol\u00f3dnak, amikor \u00d6n egy weboldalt megl\u00e1togat. Seg\u00edtenek jav\u00edtani a funkcionalit\u00e1st, a teljes\u00edtm\u00e9nyt, az elemz\u00e9seket \u00e9s a felhaszn\u00e1l\u00f3i \u00e9lm\u00e9nyt.<\/p>\t\t\t\t\t\t\t\t<\/div>\n\t\t\t\t<\/div>\n\t\t<div class=\"elementor-element elementor-element-9ece2f6 e-con-full e-flex e-con e-child\" data-id=\"9ece2f6\" data-element_type=\"container\" data-e-type=\"container\">\n\t\t\t\t<div class=\"elementor-element elementor-element-af909c2 elementor-widget elementor-widget-heading\" data-id=\"af909c2\" data-element_type=\"widget\" data-e-type=\"widget\" data-widget_type=\"heading.default\">\n\t\t\t\t\t<h2 class=\"elementor-heading-title elementor-size-default\">Haszn\u00e1lt cookie-t\u00edpusok<\/h2>\t\t\t\t<\/div>\n\t\t\t\t<div class=\"elementor-element elementor-element-bff4c51 elementor-widget elementor-widget-text-editor\" data-id=\"bff4c51\" data-element_type=\"widget\" data-e-type=\"widget\" data-widget_type=\"text-editor.default\">\n\t\t\t\t\t\t\t\t\t<p><strong>a) Sz\u00fcks\u00e9gszer\u0171 cookie-k<\/strong><\/p><p>Ezek a cookie-k elengedhetetlenek a weboldal m\u0171k\u00f6d\u00e9s\u00e9hez, ez\u00e9rt nem lehet \u0151ket letiltani.<br \/><br \/>P\u00e9ld\u00e1k:<\/p><ul><li>Munkamenet cookie-k<\/li><li>Biztons\u00e1ggal kapcsolatos cookie-k<\/li><li>Hozz\u00e1j\u00e1rul\u00e1skezel\u0151 cookie-k (pl. CookieYes)<\/li><\/ul><p><strong>b) Analitikai cookie-k (csak hozz\u00e1j\u00e1rul\u00e1s eset\u00e9n)<\/strong><\/p><p>A forgalom elemz\u00e9s\u00e9re \u00e9s a teljes\u00edtm\u00e9ny jav\u00edt\u00e1s\u00e1ra szolg\u00e1l.<br \/><br \/>P\u00e9ld\u00e1k:<\/p><p>Google Analytics (ha aktiv\u00e1lva van)<br \/>Az analitikai cookie-k csak a felhaszn\u00e1l\u00f3 kifejezett hozz\u00e1j\u00e1rul\u00e1sa ut\u00e1n ker\u00fclnek bet\u00f6lt\u00e9sre.<\/p><p><strong>c) Funkcion\u00e1lis cookie-k (opcion\u00e1lis)<\/strong><\/p><p>A felhaszn\u00e1l\u00f3i \u00e9lm\u00e9ny jav\u00edt\u00e1sa, pl. a be\u00e1ll\u00edt\u00e1sok megjegyz\u00e9se.<\/p><p><strong>d) Rekl\u00e1m\/nyomk\u00f6vet\u0151 cookie-k (opcion\u00e1lis)<\/strong><\/p><p>Csak akkor haszn\u00e1lhat\u00f3, ha marketingeszk\u00f6z\u00f6k vannak integr\u00e1lva.<br \/>Csak el\u0151zetes hozz\u00e1j\u00e1rul\u00e1s eset\u00e9n t\u00f6lthet\u0151 be.<\/p>\t\t\t\t\t\t\t\t<\/div>\n\t\t\t\t<\/div>\n\t\t<div class=\"elementor-element elementor-element-81f34d2 e-con-full e-flex e-con e-child\" data-id=\"81f34d2\" data-element_type=\"container\" data-e-type=\"container\">\n\t\t\t\t<div class=\"elementor-element elementor-element-b707cb1 elementor-widget elementor-widget-heading\" data-id=\"b707cb1\" data-element_type=\"widget\" data-e-type=\"widget\" data-widget_type=\"heading.default\">\n\t\t\t\t\t<h2 class=\"elementor-heading-title elementor-size-default\">Cookie-hozz\u00e1j\u00e1rul\u00e1s<\/h2>\t\t\t\t<\/div>\n\t\t\t\t<div class=\"elementor-element elementor-element-e440fda elementor-widget elementor-widget-text-editor\" data-id=\"e440fda\" data-element_type=\"widget\" data-e-type=\"widget\" data-widget_type=\"text-editor.default\">\n\t\t\t\t\t\t\t\t\t<p>Az els\u0151 l\u00e1togat\u00e1skor megjelenik egy cookie-s\u00e1v, amely lehet\u0151v\u00e9 teszi az al\u00e1bbiakat:<\/p><ul><li>Minden cookie elfogad\u00e1s<\/li><li>Minden nem alapvet\u0151 cookie elutas\u00edt\u00e1sa<\/li><li>Egy\u00e9ni be\u00e1ll\u00edt\u00e1sok kezel\u00e9se<\/li><\/ul><p>Az AEPD ir\u00e1nyelveinek megfelel\u0151en a nem alapvet\u0151en sz\u00fcks\u00e9ges cookie-k (elemz\u00e9si, marketing c\u00e9l\u00fa cookie-k) nem ker\u00fclnek bet\u00f6lt\u00e9sre az \u00d6n kifejezett hozz\u00e1j\u00e1rul\u00e1sa n\u00e9lk\u00fcl.<\/p>\t\t\t\t\t\t\t\t<\/div>\n\t\t\t\t<\/div>\n\t\t<div class=\"elementor-element elementor-element-c712772 e-con-full e-flex e-con e-child\" data-id=\"c712772\" data-element_type=\"container\" data-e-type=\"container\">\n\t\t\t\t<div class=\"elementor-element elementor-element-1157586 elementor-widget elementor-widget-heading\" data-id=\"1157586\" data-element_type=\"widget\" data-e-type=\"widget\" data-widget_type=\"heading.default\">\n\t\t\t\t\t<h2 class=\"elementor-heading-title elementor-size-default\">A cookie-be\u00e1ll\u00edt\u00e1sok m\u00f3dos\u00edt\u00e1sa<\/h2>\t\t\t\t<\/div>\n\t\t\t\t<div class=\"elementor-element elementor-element-95f6de8 elementor-widget elementor-widget-text-editor\" data-id=\"95f6de8\" data-element_type=\"widget\" data-e-type=\"widget\" data-widget_type=\"text-editor.default\">\n\t\t\t\t\t\t\t\t\t<p>A l\u00e1bjegyzetben tal\u00e1lhat\u00f3 Cookie-be\u00e1ll\u00edt\u00e1sok link seg\u00edts\u00e9g\u00e9vel b\u00e1rmikor \u00e1ttekintheti vagy m\u00f3dos\u00edthatja be\u00e1ll\u00edt\u00e1sait.<\/p><p>A cookie-kat a b\u00f6ng\u00e9sz\u0151 be\u00e1ll\u00edt\u00e1saiban (Chrome, Firefox, Safari, Edge stb.) is kezelheti.<\/p>\t\t\t\t\t\t\t\t<\/div>\n\t\t\t\t<\/div>\n\t\t<div class=\"elementor-element elementor-element-37ff636 e-con-full e-flex e-con e-child\" data-id=\"37ff636\" data-element_type=\"container\" data-e-type=\"container\">\n\t\t\t\t<div class=\"elementor-element elementor-element-74cec7a elementor-widget elementor-widget-heading\" data-id=\"74cec7a\" data-element_type=\"widget\" data-e-type=\"widget\" data-widget_type=\"heading.default\">\n\t\t\t\t\t<h2 class=\"elementor-heading-title elementor-size-default\">Harmadik f\u00e9lt\u0151l sz\u00e1rmaz\u00f3 cookie-k<\/h2>\t\t\t\t<\/div>\n\t\t\t\t<div class=\"elementor-element elementor-element-1c4042b elementor-widget elementor-widget-text-editor\" data-id=\"1c4042b\" data-element_type=\"widget\" data-e-type=\"widget\" data-widget_type=\"text-editor.default\">\n\t\t\t\t\t\t\t\t\t<p>A cookie-kat be\u00e1ll\u00edt\u00f3 harmadik f\u00e9l szolg\u00e1ltat\u00e1sok (aktiv\u00e1l\u00e1st\u00f3l f\u00fcgg\u0151en) a k\u00f6vetkez\u0151k lehetnek:<\/p><ul><li>Google Analytics<\/li><li>Google Maps<\/li><li>YouTube\/Vimeo be\u00e1gyazott tartalom<\/li><li>K\u00f6z\u00f6ss\u00e9gi m\u00e9dia platformok (Facebook, Instagram)<\/li><\/ul><p>Minden harmadik f\u00e9l a saj\u00e1t adatv\u00e9delmi \u00e9s cookie-politik\u00e1j\u00e1t alkalmazza.<\/p>\t\t\t\t\t\t\t\t<\/div>\n\t\t\t\t<\/div>\n\t\t<div class=\"elementor-element elementor-element-d4e0017 e-con-full e-flex e-con e-child\" data-id=\"d4e0017\" data-element_type=\"container\" data-e-type=\"container\">\n\t\t\t\t<div class=\"elementor-element elementor-element-81ec789 elementor-widget elementor-widget-heading\" data-id=\"81ec789\" data-element_type=\"widget\" data-e-type=\"widget\" data-widget_type=\"heading.default\">\n\t\t\t\t\t<h2 class=\"elementor-heading-title elementor-size-default\">A cookie-k letilt\u00e1sa<\/h2>\t\t\t\t<\/div>\n\t\t\t\t<div class=\"elementor-element elementor-element-75f8604 elementor-widget elementor-widget-text-editor\" data-id=\"75f8604\" data-element_type=\"widget\" data-e-type=\"widget\" data-widget_type=\"text-editor.default\">\n\t\t\t\t\t\t\t\t\t<p>A cookie-kat letilthatja a b\u00f6ng\u00e9sz\u0151j\u00e9ben, de ez befoly\u00e1solhatja a weboldal m\u0171k\u00f6d\u00e9s\u00e9t.<\/p>\t\t\t\t\t\t\t\t<\/div>\n\t\t\t\t<\/div>\n\t\t<div class=\"elementor-element elementor-element-0bd833f e-con-full e-flex e-con e-child\" data-id=\"0bd833f\" data-element_type=\"container\" data-e-type=\"container\">\n\t\t\t\t<div class=\"elementor-element elementor-element-9abe63c elementor-widget elementor-widget-heading\" data-id=\"9abe63c\" data-element_type=\"widget\" data-e-type=\"widget\" data-widget_type=\"heading.default\">\n\t\t\t\t\t<h2 class=\"elementor-heading-title elementor-size-default\">A cookie-kra vonatkoz\u00f3 szab\u00e1lyzat friss\u00edt\u00e9sei<\/h2>\t\t\t\t<\/div>\n\t\t\t\t<div class=\"elementor-element elementor-element-b38d224 elementor-widget elementor-widget-text-editor\" data-id=\"b38d224\" data-element_type=\"widget\" data-e-type=\"widget\" data-widget_type=\"text-editor.default\">\n\t\t\t\t\t\t\t\t\t<p>Ez a szab\u00e1lyzat a jogi k\u00f6vetelm\u00e9nyek vagy a weboldal m\u0171k\u00f6d\u00e9s\u00e9nek v\u00e1ltoz\u00e1sait t\u00fckr\u00f6zve friss\u00fclhet.<\/p>\t\t\t\t\t\t\t\t<\/div>\n\t\t\t\t<\/div>\n\t\t\t\t\t<\/div>\n\t\t\t\t<\/div>\n\t\t\t\t<\/div>","protected":false},"excerpt":{"rendered":"<p>Cookie Policy What Are Cookies? Cookies are small text files stored on your device when you visit a website. They [&hellip;]<\/p>\n","protected":false},"author":1,"featured_media":0,"parent":0,"menu_order":0,"comment_status":"closed","ping_status":"closed","template":"","meta":{"site-sidebar-layout":"no-sidebar","site-content-layout":"","ast-site-content-layout":"full-width-container","site-content-style":"default","site-sidebar-style":"default","ast-global-header-display":"","ast-banner-title-visibility":"","ast-main-header-display":"","ast-hfb-above-header-display":"","ast-hfb-below-header-display":"","ast-hfb-mobile-header-display":"","site-post-title":"","ast-breadcrumbs-content":"","ast-featured-img":"disabled","footer-sml-layout":"","ast-disable-related-posts":"","theme-transparent-header-meta":"default","adv-header-id-meta":"","stick-header-meta":"","header-above-stick-meta":"","header-main-stick-meta":"","header-below-stick-meta":"","astra-migrate-meta-layouts":"set","ast-page-background-enabled":"default","ast-page-background-meta":{"desktop":{"background-color":"var(--ast-global-color-4)","background-image":"","background-repeat":"repeat","background-position":"center center","background-size":"auto","background-attachment":"scroll","background-type":"","background-media":"","overlay-type":"","overlay-color":"","overlay-opacity":"","overlay-gradient":""},"tablet":{"background-color":"","background-image":"","background-repeat":"repeat","background-position":"center center","background-size":"auto","background-attachment":"scroll","background-type":"","background-media":"","overlay-type":"","overlay-color":"","overlay-opacity":"","overlay-gradient":""},"mobile":{"background-color":"","background-image":"","background-repeat":"repeat","background-position":"center center","background-size":"auto","background-attachment":"scroll","background-type":"","background-media":"","overlay-type":"","overlay-color":"","overlay-opacity":"","overlay-gradient":""}},"ast-content-background-meta":{"desktop":{"background-color":"var(--ast-global-color-5)","background-image":"","background-repeat":"repeat","background-position":"center center","background-size":"auto","background-attachment":"scroll","background-type":"","background-media":"","overlay-type":"","overlay-color":"","overlay-opacity":"","overlay-gradient":""},"tablet":{"background-color":"var(--ast-global-color-5)","background-image":"","background-repeat":"repeat","background-position":"center center","background-size":"auto","background-attachment":"scroll","background-type":"","background-media":"","overlay-type":"","overlay-color":"","overlay-opacity":"","overlay-gradient":""},"mobile":{"background-color":"var(--ast-global-color-5)","background-image":"","background-repeat":"repeat","background-position":"center center","background-size":"auto","background-attachment":"scroll","background-type":"","background-media":"","overlay-type":"","overlay-color":"","overlay-opacity":"","overlay-gradient":""}},"footnotes":""},"class_list":["post-1740","page","type-page","status-publish","hentry"],"yoast_head":"<!-- This site is optimized with the Yoast SEO Premium plugin v27.4 (Yoast SEO v27.4) - https:\/\/yoast.com\/product\/yoast-seo-premium-wordpress\/ -->\n<title>Cookie Policy - Lush Garden Tenerife<\/title>\n<meta name=\"robots\" content=\"index, follow, max-snippet:-1, max-image-preview:large, max-video-preview:-1\" \/>\n<link rel=\"canonical\" href=\"https:\/\/lushgardentenerife.es\/hu\/suti-politika\/\" \/>\n<meta property=\"og:locale\" content=\"hu_HU\" \/>\n<meta property=\"og:type\" content=\"article\" \/>\n<meta property=\"og:title\" content=\"Cookie Policy\" \/>\n<meta property=\"og:description\" content=\"Cookie Policy What Are Cookies? Cookies are small text files stored on your device when you visit a website. They [&hellip;]\" \/>\n<meta property=\"og:url\" content=\"https:\/\/lushgardentenerife.es\/hu\/suti-politika\/\" \/>\n<meta property=\"og:site_name\" content=\"Lush Garden Tenerife\" \/>\n<meta property=\"article:modified_time\" content=\"2025-11-22T18:24:03+00:00\" \/>\n<meta name=\"twitter:card\" content=\"summary_large_image\" \/>\n<meta name=\"twitter:label1\" content=\"Becs\u00fclt olvas\u00e1si id\u0151\" \/>\n\t<meta name=\"twitter:data1\" content=\"1 perc\" \/>\n<script type=\"application\/ld+json\" class=\"yoast-schema-graph\">{\"@context\":\"https:\\\/\\\/schema.org\",\"@graph\":[{\"@type\":\"WebPage\",\"@id\":\"https:\\\/\\\/lushgardentenerife.es\\\/cookie-policy\\\/\",\"url\":\"https:\\\/\\\/lushgardentenerife.es\\\/cookie-policy\\\/\",\"name\":\"Cookie Policy - Lush Garden Tenerife\",\"isPartOf\":{\"@id\":\"https:\\\/\\\/lushgardentenerife.es\\\/#website\"},\"datePublished\":\"2025-11-22T18:13:33+00:00\",\"dateModified\":\"2025-11-22T18:24:03+00:00\",\"breadcrumb\":{\"@id\":\"https:\\\/\\\/lushgardentenerife.es\\\/cookie-policy\\\/#breadcrumb\"},\"inLanguage\":\"hu\",\"potentialAction\":[{\"@type\":\"ReadAction\",\"target\":[\"https:\\\/\\\/lushgardentenerife.es\\\/cookie-policy\\\/\"]}]},{\"@type\":\"BreadcrumbList\",\"@id\":\"https:\\\/\\\/lushgardentenerife.es\\\/cookie-policy\\\/#breadcrumb\",\"itemListElement\":[{\"@type\":\"ListItem\",\"position\":1,\"name\":\"Kezd\u0151lap\",\"item\":\"https:\\\/\\\/lushgardentenerife.es\\\/\"},{\"@type\":\"ListItem\",\"position\":2,\"name\":\"Cookie Policy\"}]},{\"@type\":\"WebSite\",\"@id\":\"https:\\\/\\\/lushgardentenerife.es\\\/#website\",\"url\":\"https:\\\/\\\/lushgardentenerife.es\\\/\",\"name\":\"Lush Garden Tenerife\",\"description\":\"Create and maintain stunning outdoor gardens with expert care\",\"potentialAction\":[{\"@type\":\"SearchAction\",\"target\":{\"@type\":\"EntryPoint\",\"urlTemplate\":\"https:\\\/\\\/lushgardentenerife.es\\\/?s={search_term_string}\"},\"query-input\":{\"@type\":\"PropertyValueSpecification\",\"valueRequired\":true,\"valueName\":\"search_term_string\"}}],\"inLanguage\":\"hu\"}]}<\/script>\n<!-- \/ Yoast SEO Premium plugin. -->","yoast_head_json":{"title":"S\u00fctikre vonatkoz\u00f3 szab\u00e1lyzat \u2013 Lush Garden Tenerife","robots":{"index":"index","follow":"follow","max-snippet":"max-snippet:-1","max-image-preview":"max-image-preview:large","max-video-preview":"max-video-preview:-1"},"canonical":"https:\/\/lushgardentenerife.es\/hu\/suti-politika\/","og_locale":"hu_HU","og_type":"article","og_title":"Cookie Policy","og_description":"Cookie Policy What Are Cookies? Cookies are small text files stored on your device when you visit a website. They [&hellip;]","og_url":"https:\/\/lushgardentenerife.es\/hu\/suti-politika\/","og_site_name":"Lush Garden Tenerife","article_modified_time":"2025-11-22T18:24:03+00:00","twitter_card":"summary_large_image","twitter_misc":{"Becs\u00fclt olvas\u00e1si id\u0151":"1 perc"},"schema":{"@context":"https:\/\/schema.org","@graph":[{"@type":"WebPage","@id":"https:\/\/lushgardentenerife.es\/cookie-policy\/","url":"https:\/\/lushgardentenerife.es\/cookie-policy\/","name":"S\u00fctikre vonatkoz\u00f3 szab\u00e1lyzat \u2013 Lush Garden Tenerife","isPartOf":{"@id":"https:\/\/lushgardentenerife.es\/#website"},"datePublished":"2025-11-22T18:13:33+00:00","dateModified":"2025-11-22T18:24:03+00:00","breadcrumb":{"@id":"https:\/\/lushgardentenerife.es\/cookie-policy\/#breadcrumb"},"inLanguage":"hu","potentialAction":[{"@type":"ReadAction","target":["https:\/\/lushgardentenerife.es\/cookie-policy\/"]}]},{"@type":"BreadcrumbList","@id":"https:\/\/lushgardentenerife.es\/cookie-policy\/#breadcrumb","itemListElement":[{"@type":"ListItem","position":1,"name":"Kezd\u0151lap","item":"https:\/\/lushgardentenerife.es\/"},{"@type":"ListItem","position":2,"name":"Cookie Policy"}]},{"@type":"WebSite","@id":"https:\/\/lushgardentenerife.es\/#website","url":"https:\/\/lushgardentenerife.es\/","name":"Lush Garden Tenerife","description":"Leny\u0171g\u00f6z\u0151 k\u00fclt\u00e9ri kertek l\u00e9trehoz\u00e1sa \u00e9s karbantart\u00e1sa szak\u00e9rt\u0151i gondoss\u00e1ggal","potentialAction":[{"@type":"SearchAction","target":{"@type":"EntryPoint","urlTemplate":"https:\/\/lushgardentenerife.es\/?s={search_term_string}"},"query-input":{"@type":"PropertyValueSpecification","valueRequired":true,"valueName":"search_term_string"}}],"inLanguage":"hu"}]}},"_links":{"self":[{"href":"https:\/\/lushgardentenerife.es\/hu\/wp-json\/wp\/v2\/pages\/1740","targetHints":{"allow":["GET"]}}],"collection":[{"href":"https:\/\/lushgardentenerife.es\/hu\/wp-json\/wp\/v2\/pages"}],"about":[{"href":"https:\/\/lushgardentenerife.es\/hu\/wp-json\/wp\/v2\/types\/page"}],"author":[{"embeddable":true,"href":"https:\/\/lushgardentenerife.es\/hu\/wp-json\/wp\/v2\/users\/1"}],"replies":[{"embeddable":true,"href":"https:\/\/lushgardentenerife.es\/hu\/wp-json\/wp\/v2\/comments?post=1740"}],"version-history":[{"count":4,"href":"https:\/\/lushgardentenerife.es\/hu\/wp-json\/wp\/v2\/pages\/1740\/revisions"}],"predecessor-version":[{"id":1745,"href":"https:\/\/lushgardentenerife.es\/hu\/wp-json\/wp\/v2\/pages\/1740\/revisions\/1745"}],"wp:attachment":[{"href":"https:\/\/lushgardentenerife.es\/hu\/wp-json\/wp\/v2\/media?parent=1740"}],"curies":[{"name":"wp","href":"https:\/\/api.w.org\/{rel}","templated":true}]}}