{"id":1678,"date":"2025-11-21T19:26:38","date_gmt":"2025-11-21T19:26:38","guid":{"rendered":"https:\/\/lushgardentenerife.es\/?page_id=1678"},"modified":"2025-11-22T18:26:29","modified_gmt":"2025-11-22T18:26:29","slug":"jogi-nyilatkozat","status":"publish","type":"page","link":"https:\/\/lushgardentenerife.es\/hu\/legal-notice\/","title":{"rendered":"Jogi nyilatkozat"},"content":{"rendered":"<div data-elementor-type=\"wp-page\" data-elementor-id=\"1678\" class=\"elementor elementor-1678\" data-elementor-post-type=\"page\">\n\t\t\t\t<div class=\"elementor-element elementor-element-6bfdfce e-flex e-con-boxed e-con e-parent\" data-id=\"6bfdfce\" data-element_type=\"container\" data-e-type=\"container\" data-settings=\"{&quot;background_background&quot;:&quot;classic&quot;}\">\n\t\t\t\t\t<div class=\"e-con-inner\">\n\t\t<div class=\"elementor-element elementor-element-02d8c31 e-con-full e-flex e-con e-child\" data-id=\"02d8c31\" data-element_type=\"container\" data-e-type=\"container\">\n\t\t\t\t<div class=\"elementor-element elementor-element-046879d elementor-widget elementor-widget-heading\" data-id=\"046879d\" data-element_type=\"widget\" data-e-type=\"widget\" data-widget_type=\"heading.default\">\n\t\t\t\t\t<h2 class=\"elementor-heading-title elementor-size-default\">Jogi nyilatkozat<\/h2>\t\t\t\t<\/div>\n\t\t\t\t<div class=\"elementor-element elementor-element-ff12564 elementor-widget elementor-widget-heading\" data-id=\"ff12564\" data-element_type=\"widget\" data-e-type=\"widget\" data-widget_type=\"heading.default\">\n\t\t\t\t\t<h2 class=\"elementor-heading-title elementor-size-default\">Tulajdonos \u00e9s felel\u0151s szervezet<\/h2>\t\t\t\t<\/div>\n\t\t\t\t<div class=\"elementor-element elementor-element-fbf3beb elementor-widget elementor-widget-text-editor\" data-id=\"fbf3beb\" data-element_type=\"widget\" data-e-type=\"widget\" data-widget_type=\"text-editor.default\">\n\t\t\t\t\t\t\t\t\t<p>Ez a weboldal Ny\u00e1ri R\u00f3bert tulajdon\u00e1ban van \u00e9s \u0151 \u00fczemelteti, aki Spanyolorsz\u00e1gban bejegyzett, a Kan\u00e1ri-szigeteken lak\u00f3hellyel rendelkez\u0151 egy\u00e9ni v\u00e1llalkoz\u00f3 (aut\u00f3nomo).<\/p><p><strong>Teljes n\u00e9v:<\/strong> Ny\u00e1ri R\u00f3bert<\/p><p><strong>NIE:<\/strong> Z2422602V<\/p><p><strong>E-mail:<\/strong> info@lushgardentenerife.es<\/p><p><strong>Telefon:<\/strong> +34 632 636 212<\/p><p><strong>Regisztr\u00e1lt tev\u00e9kenys\u00e9g:<\/strong> Kert\u00e9szeti \u00e9s t\u00e1j\u00e9p\u00edt\u00e9szeti szolg\u00e1ltat\u00e1sok<\/p><p><strong>Helysz\u00edn:<\/strong> Icod de los Vinos, Santa Cruz de Tenerife, Spanyolorsz\u00e1g<\/p>\t\t\t\t\t\t\t\t<\/div>\n\t\t\t\t<\/div>\n\t\t<div class=\"elementor-element elementor-element-db639d6 e-con-full e-flex e-con e-child\" data-id=\"db639d6\" data-element_type=\"container\" data-e-type=\"container\">\n\t\t\t\t<div class=\"elementor-element elementor-element-cedcb74 elementor-widget elementor-widget-heading\" data-id=\"cedcb74\" data-element_type=\"widget\" data-e-type=\"widget\" data-widget_type=\"heading.default\">\n\t\t\t\t\t<h2 class=\"elementor-heading-title elementor-size-default\">A weboldal c\u00e9lja<\/h2>\t\t\t\t<\/div>\n\t\t\t\t<div class=\"elementor-element elementor-element-fc2745d elementor-widget elementor-widget-text-editor\" data-id=\"fc2745d\" data-element_type=\"widget\" data-e-type=\"widget\" data-widget_type=\"text-editor.default\">\n\t\t\t\t\t\t\t\t\t<p>A weboldal c\u00e9lja, hogy a l\u00e1togat\u00f3kat t\u00e1j\u00e9koztassa a tulajdonos \u00e1ltal ny\u00fajtott kert\u00e9szeti, t\u00e1j\u00e9p\u00edt\u00e9szeti \u00e9s karbantart\u00e1si szolg\u00e1ltat\u00e1sokr\u00f3l.<\/p>\t\t\t\t\t\t\t\t<\/div>\n\t\t\t\t<\/div>\n\t\t<div class=\"elementor-element elementor-element-3f7df1f e-con-full e-flex e-con e-child\" data-id=\"3f7df1f\" data-element_type=\"container\" data-e-type=\"container\">\n\t\t\t\t<div class=\"elementor-element elementor-element-80768ce elementor-widget elementor-widget-heading\" data-id=\"80768ce\" data-element_type=\"widget\" data-e-type=\"widget\" data-widget_type=\"heading.default\">\n\t\t\t\t\t<h2 class=\"elementor-heading-title elementor-size-default\">Szellemi tulajdon<\/h2>\t\t\t\t<\/div>\n\t\t\t\t<div class=\"elementor-element elementor-element-7b4bd98 elementor-widget elementor-widget-text-editor\" data-id=\"7b4bd98\" data-element_type=\"widget\" data-e-type=\"widget\" data-widget_type=\"text-editor.default\">\n\t\t\t\t\t\t\t\t\t<p>A weboldalon tal\u00e1lhat\u00f3 \u00f6sszes tartalom \u2013 bele\u00e9rtve a sz\u00f6veget, k\u00e9peket, grafik\u00e1kat \u00e9s elrendez\u00e9st \u2013 a vonatkoz\u00f3 szellemi tulajdonjogi t\u00f6rv\u00e9nyek v\u00e9delme alatt \u00e1ll. \u00cdr\u00e1sbeli enged\u00e9ly n\u00e9lk\u00fcl tilos b\u00e1rmilyen reprodukci\u00f3ja vagy terjeszt\u00e9se.<\/p>\t\t\t\t\t\t\t\t<\/div>\n\t\t\t\t<\/div>\n\t\t<div class=\"elementor-element elementor-element-e60910a e-con-full e-flex e-con e-child\" data-id=\"e60910a\" data-element_type=\"container\" data-e-type=\"container\">\n\t\t\t\t<div class=\"elementor-element elementor-element-c88140c elementor-widget elementor-widget-heading\" data-id=\"c88140c\" data-element_type=\"widget\" data-e-type=\"widget\" data-widget_type=\"heading.default\">\n\t\t\t\t\t<h2 class=\"elementor-heading-title elementor-size-default\">K\u00fcls\u0151 linkek<\/h2>\t\t\t\t<\/div>\n\t\t\t\t<div class=\"elementor-element elementor-element-ef1c858 elementor-widget elementor-widget-text-editor\" data-id=\"ef1c858\" data-element_type=\"widget\" data-e-type=\"widget\" data-widget_type=\"text-editor.default\">\n\t\t\t\t\t\t\t\t\t<p>Ez a weboldal k\u00fcls\u0151 linkeket tartalmazhat. A tulajdonos nem felel\u0151s a k\u00fcls\u0151 weboldalak tartalm\u00e1\u00e9rt vagy ir\u00e1nyelvei\u00e9rt.<\/p>\t\t\t\t\t\t\t\t<\/div>\n\t\t\t\t<\/div>\n\t\t<div class=\"elementor-element elementor-element-f49a259 e-con-full e-flex e-con e-child\" data-id=\"f49a259\" data-element_type=\"container\" data-e-type=\"container\">\n\t\t\t\t<div class=\"elementor-element elementor-element-be9aa11 elementor-widget elementor-widget-heading\" data-id=\"be9aa11\" data-element_type=\"widget\" data-e-type=\"widget\" data-widget_type=\"heading.default\">\n\t\t\t\t\t<h2 class=\"elementor-heading-title elementor-size-default\">Felel\u0151ss\u00e9g korl\u00e1toz\u00e1sa<\/h2>\t\t\t\t<\/div>\n\t\t\t\t<div class=\"elementor-element elementor-element-ab587fc elementor-widget elementor-widget-text-editor\" data-id=\"ab587fc\" data-element_type=\"widget\" data-e-type=\"widget\" data-widget_type=\"text-editor.default\">\n\t\t\t\t\t\t\t\t\t<p>A tulajdonos nem v\u00e1llal felel\u0151ss\u00e9get a weboldal haszn\u00e1lat\u00e1b\u00f3l ered\u0151 k\u00e1rok\u00e9rt, bele\u00e9rtve a technikai hib\u00e1kat \u00e9s a szolg\u00e1ltat\u00e1s megszak\u00edt\u00e1sait.<\/p>\t\t\t\t\t\t\t\t<\/div>\n\t\t\t\t<\/div>\n\t\t<div class=\"elementor-element elementor-element-d2047f2 e-con-full e-flex e-con e-child\" data-id=\"d2047f2\" data-element_type=\"container\" data-e-type=\"container\">\n\t\t\t\t<div class=\"elementor-element elementor-element-bb878b8 elementor-widget elementor-widget-heading\" data-id=\"bb878b8\" data-element_type=\"widget\" data-e-type=\"widget\" data-widget_type=\"heading.default\">\n\t\t\t\t\t<h2 class=\"elementor-heading-title elementor-size-default\">Alkalmazand\u00f3 jog<\/h2>\t\t\t\t<\/div>\n\t\t\t\t<div class=\"elementor-element elementor-element-4d61ea4 elementor-widget elementor-widget-text-editor\" data-id=\"4d61ea4\" data-element_type=\"widget\" data-e-type=\"widget\" data-widget_type=\"text-editor.default\">\n\t\t\t\t\t\t\t\t\t<p>Ez a jogi nyilatkozat a spanyol jog hat\u00e1lya al\u00e1 tartozik, bele\u00e9rtve az LSSI 34\/2002 t\u00f6rv\u00e9nyt \u00e9s a vonatkoz\u00f3 GDPR k\u00f6vetelm\u00e9nyeket.<\/p>\t\t\t\t\t\t\t\t<\/div>\n\t\t\t\t<\/div>\n\t\t\t\t\t<\/div>\n\t\t\t\t<\/div>\n\t\t\t\t<\/div>","protected":false},"excerpt":{"rendered":"<p>Legal Notice Owner and Responsible Entity This website is owned and operated by R\u00f3bert Ny\u00e1ri, an individual service provider (aut\u00f3nomo) [&hellip;]<\/p>\n","protected":false},"author":1,"featured_media":0,"parent":0,"menu_order":0,"comment_status":"closed","ping_status":"closed","template":"","meta":{"site-sidebar-layout":"no-sidebar","site-content-layout":"","ast-site-content-layout":"full-width-container","site-content-style":"default","site-sidebar-style":"default","ast-global-header-display":"","ast-banner-title-visibility":"","ast-main-header-display":"","ast-hfb-above-header-display":"","ast-hfb-below-header-display":"","ast-hfb-mobile-header-display":"","site-post-title":"","ast-breadcrumbs-content":"","ast-featured-img":"disabled","footer-sml-layout":"","ast-disable-related-posts":"","theme-transparent-header-meta":"default","adv-header-id-meta":"","stick-header-meta":"","header-above-stick-meta":"","header-main-stick-meta":"","header-below-stick-meta":"","astra-migrate-meta-layouts":"set","ast-page-background-enabled":"default","ast-page-background-meta":{"desktop":{"background-color":"var(--ast-global-color-4)","background-image":"","background-repeat":"repeat","background-position":"center center","background-size":"auto","background-attachment":"scroll","background-type":"","background-media":"","overlay-type":"","overlay-color":"","overlay-opacity":"","overlay-gradient":""},"tablet":{"background-color":"","background-image":"","background-repeat":"repeat","background-position":"center center","background-size":"auto","background-attachment":"scroll","background-type":"","background-media":"","overlay-type":"","overlay-color":"","overlay-opacity":"","overlay-gradient":""},"mobile":{"background-color":"","background-image":"","background-repeat":"repeat","background-position":"center center","background-size":"auto","background-attachment":"scroll","background-type":"","background-media":"","overlay-type":"","overlay-color":"","overlay-opacity":"","overlay-gradient":""}},"ast-content-background-meta":{"desktop":{"background-color":"var(--ast-global-color-5)","background-image":"","background-repeat":"repeat","background-position":"center center","background-size":"auto","background-attachment":"scroll","background-type":"","background-media":"","overlay-type":"","overlay-color":"","overlay-opacity":"","overlay-gradient":""},"tablet":{"background-color":"var(--ast-global-color-5)","background-image":"","background-repeat":"repeat","background-position":"center center","background-size":"auto","background-attachment":"scroll","background-type":"","background-media":"","overlay-type":"","overlay-color":"","overlay-opacity":"","overlay-gradient":""},"mobile":{"background-color":"var(--ast-global-color-5)","background-image":"","background-repeat":"repeat","background-position":"center center","background-size":"auto","background-attachment":"scroll","background-type":"","background-media":"","overlay-type":"","overlay-color":"","overlay-opacity":"","overlay-gradient":""}},"footnotes":""},"class_list":["post-1678","page","type-page","status-publish","hentry"],"yoast_head":"<!-- This site is optimized with the Yoast SEO Premium plugin v27.4 (Yoast SEO v27.4) - https:\/\/yoast.com\/product\/yoast-seo-premium-wordpress\/ -->\n<title>Legal Notice - Lush Garden Tenerife<\/title>\n<meta name=\"robots\" content=\"index, follow, max-snippet:-1, max-image-preview:large, max-video-preview:-1\" \/>\n<link rel=\"canonical\" href=\"https:\/\/lushgardentenerife.es\/hu\/jogi-nyilatkozat\/\" \/>\n<meta property=\"og:locale\" content=\"hu_HU\" \/>\n<meta property=\"og:type\" content=\"article\" \/>\n<meta property=\"og:title\" content=\"Legal Notice\" \/>\n<meta property=\"og:description\" content=\"Legal Notice Owner and Responsible Entity This website is owned and operated by R\u00f3bert Ny\u00e1ri, an individual service provider (aut\u00f3nomo) [&hellip;]\" \/>\n<meta property=\"og:url\" content=\"https:\/\/lushgardentenerife.es\/hu\/jogi-nyilatkozat\/\" \/>\n<meta property=\"og:site_name\" content=\"Lush Garden Tenerife\" \/>\n<meta property=\"article:modified_time\" content=\"2025-11-22T18:26:29+00:00\" \/>\n<meta name=\"twitter:card\" content=\"summary_large_image\" \/>\n<meta name=\"twitter:label1\" content=\"Becs\u00fclt olvas\u00e1si id\u0151\" \/>\n\t<meta name=\"twitter:data1\" content=\"1 perc\" \/>\n<script type=\"application\/ld+json\" class=\"yoast-schema-graph\">{\"@context\":\"https:\\\/\\\/schema.org\",\"@graph\":[{\"@type\":\"WebPage\",\"@id\":\"https:\\\/\\\/lushgardentenerife.es\\\/legal-notice\\\/\",\"url\":\"https:\\\/\\\/lushgardentenerife.es\\\/legal-notice\\\/\",\"name\":\"Legal Notice - Lush Garden Tenerife\",\"isPartOf\":{\"@id\":\"https:\\\/\\\/lushgardentenerife.es\\\/#website\"},\"datePublished\":\"2025-11-21T19:26:38+00:00\",\"dateModified\":\"2025-11-22T18:26:29+00:00\",\"breadcrumb\":{\"@id\":\"https:\\\/\\\/lushgardentenerife.es\\\/legal-notice\\\/#breadcrumb\"},\"inLanguage\":\"hu\",\"potentialAction\":[{\"@type\":\"ReadAction\",\"target\":[\"https:\\\/\\\/lushgardentenerife.es\\\/legal-notice\\\/\"]}]},{\"@type\":\"BreadcrumbList\",\"@id\":\"https:\\\/\\\/lushgardentenerife.es\\\/legal-notice\\\/#breadcrumb\",\"itemListElement\":[{\"@type\":\"ListItem\",\"position\":1,\"name\":\"Kezd\u0151lap\",\"item\":\"https:\\\/\\\/lushgardentenerife.es\\\/\"},{\"@type\":\"ListItem\",\"position\":2,\"name\":\"Legal Notice\"}]},{\"@type\":\"WebSite\",\"@id\":\"https:\\\/\\\/lushgardentenerife.es\\\/#website\",\"url\":\"https:\\\/\\\/lushgardentenerife.es\\\/\",\"name\":\"Lush Garden Tenerife\",\"description\":\"Create and maintain stunning outdoor gardens with expert care\",\"potentialAction\":[{\"@type\":\"SearchAction\",\"target\":{\"@type\":\"EntryPoint\",\"urlTemplate\":\"https:\\\/\\\/lushgardentenerife.es\\\/?s={search_term_string}\"},\"query-input\":{\"@type\":\"PropertyValueSpecification\",\"valueRequired\":true,\"valueName\":\"search_term_string\"}}],\"inLanguage\":\"hu\"}]}<\/script>\n<!-- \/ Yoast SEO Premium plugin. -->","yoast_head_json":{"title":"Jogi nyilatkozat - Lush Garden Tenerife","robots":{"index":"index","follow":"follow","max-snippet":"max-snippet:-1","max-image-preview":"max-image-preview:large","max-video-preview":"max-video-preview:-1"},"canonical":"https:\/\/lushgardentenerife.es\/hu\/jogi-nyilatkozat\/","og_locale":"hu_HU","og_type":"article","og_title":"Legal Notice","og_description":"Legal Notice Owner and Responsible Entity This website is owned and operated by R\u00f3bert Ny\u00e1ri, an individual service provider (aut\u00f3nomo) [&hellip;]","og_url":"https:\/\/lushgardentenerife.es\/hu\/jogi-nyilatkozat\/","og_site_name":"Lush Garden Tenerife","article_modified_time":"2025-11-22T18:26:29+00:00","twitter_card":"summary_large_image","twitter_misc":{"Becs\u00fclt olvas\u00e1si id\u0151":"1 perc"},"schema":{"@context":"https:\/\/schema.org","@graph":[{"@type":"WebPage","@id":"https:\/\/lushgardentenerife.es\/legal-notice\/","url":"https:\/\/lushgardentenerife.es\/legal-notice\/","name":"Jogi nyilatkozat - Lush Garden Tenerife","isPartOf":{"@id":"https:\/\/lushgardentenerife.es\/#website"},"datePublished":"2025-11-21T19:26:38+00:00","dateModified":"2025-11-22T18:26:29+00:00","breadcrumb":{"@id":"https:\/\/lushgardentenerife.es\/legal-notice\/#breadcrumb"},"inLanguage":"hu","potentialAction":[{"@type":"ReadAction","target":["https:\/\/lushgardentenerife.es\/legal-notice\/"]}]},{"@type":"BreadcrumbList","@id":"https:\/\/lushgardentenerife.es\/legal-notice\/#breadcrumb","itemListElement":[{"@type":"ListItem","position":1,"name":"Kezd\u0151lap","item":"https:\/\/lushgardentenerife.es\/"},{"@type":"ListItem","position":2,"name":"Legal Notice"}]},{"@type":"WebSite","@id":"https:\/\/lushgardentenerife.es\/#website","url":"https:\/\/lushgardentenerife.es\/","name":"Lush Garden Tenerife","description":"Leny\u0171g\u00f6z\u0151 k\u00fclt\u00e9ri kertek l\u00e9trehoz\u00e1sa \u00e9s karbantart\u00e1sa szak\u00e9rt\u0151i gondoss\u00e1ggal","potentialAction":[{"@type":"SearchAction","target":{"@type":"EntryPoint","urlTemplate":"https:\/\/lushgardentenerife.es\/?s={search_term_string}"},"query-input":{"@type":"PropertyValueSpecification","valueRequired":true,"valueName":"search_term_string"}}],"inLanguage":"hu"}]}},"_links":{"self":[{"href":"https:\/\/lushgardentenerife.es\/hu\/wp-json\/wp\/v2\/pages\/1678","targetHints":{"allow":["GET"]}}],"collection":[{"href":"https:\/\/lushgardentenerife.es\/hu\/wp-json\/wp\/v2\/pages"}],"about":[{"href":"https:\/\/lushgardentenerife.es\/hu\/wp-json\/wp\/v2\/types\/page"}],"author":[{"embeddable":true,"href":"https:\/\/lushgardentenerife.es\/hu\/wp-json\/wp\/v2\/users\/1"}],"replies":[{"embeddable":true,"href":"https:\/\/lushgardentenerife.es\/hu\/wp-json\/wp\/v2\/comments?post=1678"}],"version-history":[{"count":29,"href":"https:\/\/lushgardentenerife.es\/hu\/wp-json\/wp\/v2\/pages\/1678\/revisions"}],"predecessor-version":[{"id":1739,"href":"https:\/\/lushgardentenerife.es\/hu\/wp-json\/wp\/v2\/pages\/1678\/revisions\/1739"}],"wp:attachment":[{"href":"https:\/\/lushgardentenerife.es\/hu\/wp-json\/wp\/v2\/media?parent=1678"}],"curies":[{"name":"wp","href":"https:\/\/api.w.org\/{rel}","templated":true}]}}