{"id":3,"date":"2025-11-13T15:20:59","date_gmt":"2025-11-13T15:20:59","guid":{"rendered":"https:\/\/lushgardentenerife.es\/?page_id=3"},"modified":"2025-11-22T18:09:43","modified_gmt":"2025-11-22T18:09:43","slug":"politica-de-privacidad","status":"publish","type":"page","link":"https:\/\/lushgardentenerife.es\/es\/privacy-policy\/","title":{"rendered":"Pol\u00edtica de Privacidad"},"content":{"rendered":"<div data-elementor-type=\"wp-page\" data-elementor-id=\"3\" class=\"elementor elementor-3\" data-elementor-post-type=\"page\">\n\t\t\t\t<div class=\"elementor-element elementor-element-4a6701c3 e-flex e-con-boxed e-con e-parent\" data-id=\"4a6701c3\" data-element_type=\"container\" data-e-type=\"container\" data-settings=\"{&quot;background_background&quot;:&quot;classic&quot;}\">\n\t\t\t\t\t<div class=\"e-con-inner\">\n\t\t<div class=\"elementor-element elementor-element-6516b0e e-con-full e-flex e-con e-child\" data-id=\"6516b0e\" data-element_type=\"container\" data-e-type=\"container\">\n\t\t\t\t<div class=\"elementor-element elementor-element-05c2c8b elementor-widget elementor-widget-heading\" data-id=\"05c2c8b\" data-element_type=\"widget\" data-e-type=\"widget\" data-widget_type=\"heading.default\">\n\t\t\t\t\t<h2 class=\"elementor-heading-title elementor-size-default\">Pol\u00edtica de Privacidad<\/h2>\t\t\t\t<\/div>\n\t\t\t\t<\/div>\n\t\t<div class=\"elementor-element elementor-element-bfe524a e-con-full e-flex e-con e-child\" data-id=\"bfe524a\" data-element_type=\"container\" data-e-type=\"container\">\n\t\t\t\t<div class=\"elementor-element elementor-element-d9ee92f elementor-widget elementor-widget-heading\" data-id=\"d9ee92f\" data-element_type=\"widget\" data-e-type=\"widget\" data-widget_type=\"heading.default\">\n\t\t\t\t\t<h2 class=\"elementor-heading-title elementor-size-default\">Responsable del Tratamiento<\/h2>\t\t\t\t<\/div>\n\t\t\t\t<div class=\"elementor-element elementor-element-8427386 elementor-widget elementor-widget-text-editor\" data-id=\"8427386\" data-element_type=\"widget\" data-e-type=\"widget\" data-widget_type=\"text-editor.default\">\n\t\t\t\t\t\t\t\t\t<p>Los datos personales recopilados en este sitio web son tratados por:<\/p><ul><li>R\u00f3bert Ny\u00e1ri<\/li><li>NIE: Z2422602V<\/li><li>Correo electr\u00f3nico: info@lushgardentenerife.es<\/li><li>Tel\u00e9fono: +34 632 636 212<\/li><\/ul>\t\t\t\t\t\t\t\t<\/div>\n\t\t\t\t<\/div>\n\t\t<div class=\"elementor-element elementor-element-e8759c9 e-con-full e-flex e-con e-child\" data-id=\"e8759c9\" data-element_type=\"container\" data-e-type=\"container\">\n\t\t\t\t<div class=\"elementor-element elementor-element-c7b3ae3 elementor-widget elementor-widget-heading\" data-id=\"c7b3ae3\" data-element_type=\"widget\" data-e-type=\"widget\" data-widget_type=\"heading.default\">\n\t\t\t\t\t<h2 class=\"elementor-heading-title elementor-size-default\">Qu\u00e9 datos personales recopilamos<\/h2>\t\t\t\t<\/div>\n\t\t\t\t<div class=\"elementor-element elementor-element-54ea4af elementor-widget elementor-widget-text-editor\" data-id=\"54ea4af\" data-element_type=\"widget\" data-e-type=\"widget\" data-widget_type=\"text-editor.default\">\n\t\t\t\t\t\t\t\t\t<p>Podemos recopilar los siguientes datos personales cuando utilice este sitio web:<\/p><ul><li>Datos identificativos: nombre, direcci\u00f3n de correo electr\u00f3nico, n\u00famero de tel\u00e9fono (cuando se pone en contacto con nosotros).<\/li><li>Datos t\u00e9cnicos: direcci\u00f3n IP, tipo de navegador, informaci\u00f3n del dispositivo, p\u00e1ginas visitadas.<\/li><li>Cualquier dato proporcionado voluntariamente a trav\u00e9s de formularios, correo electr\u00f3nico o aplicaciones de mensajer\u00eda.<\/li><\/ul>\t\t\t\t\t\t\t\t<\/div>\n\t\t\t\t<\/div>\n\t\t<div class=\"elementor-element elementor-element-35b00ec e-con-full e-flex e-con e-child\" data-id=\"35b00ec\" data-element_type=\"container\" data-e-type=\"container\">\n\t\t\t\t<div class=\"elementor-element elementor-element-b68a9da elementor-widget elementor-widget-heading\" data-id=\"b68a9da\" data-element_type=\"widget\" data-e-type=\"widget\" data-widget_type=\"heading.default\">\n\t\t\t\t\t<h2 class=\"elementor-heading-title elementor-size-default\">Finalidad del tratamiento<\/h2>\t\t\t\t<\/div>\n\t\t\t\t<div class=\"elementor-element elementor-element-c5c2408 elementor-widget elementor-widget-text-editor\" data-id=\"c5c2408\" data-element_type=\"widget\" data-e-type=\"widget\" data-widget_type=\"text-editor.default\">\n\t\t\t\t\t\t\t\t\t<p>Tratamos sus datos con las siguientes finalidades:<\/p><ul><li>Responder a consultas y solicitudes de servicio.<\/li><li>Elaborar presupuestos, mantener la comunicaci\u00f3n y ofrecer atenci\u00f3n al cliente.<\/li><li>Programar servicios de jardiner\u00eda y realizar el seguimiento necesario.<\/li><li>Garantizar el funcionamiento del sitio web, as\u00ed como su an\u00e1lisis y mejora del rendimiento.<\/li><li>Cumplimiento de las obligaciones legales.<\/li><\/ul>\t\t\t\t\t\t\t\t<\/div>\n\t\t\t\t<\/div>\n\t\t<div class=\"elementor-element elementor-element-7821475 e-con-full e-flex e-con e-child\" data-id=\"7821475\" data-element_type=\"container\" data-e-type=\"container\">\n\t\t\t\t<div class=\"elementor-element elementor-element-33e07f0 elementor-widget elementor-widget-heading\" data-id=\"33e07f0\" data-element_type=\"widget\" data-e-type=\"widget\" data-widget_type=\"heading.default\">\n\t\t\t\t\t<h2 class=\"elementor-heading-title elementor-size-default\">Base jur\u00eddica<\/h2>\t\t\t\t<\/div>\n\t\t\t\t<div class=\"elementor-element elementor-element-0071149 elementor-widget elementor-widget-text-editor\" data-id=\"0071149\" data-element_type=\"widget\" data-e-type=\"widget\" data-widget_type=\"text-editor.default\">\n\t\t\t\t\t\t\t\t\t<p>El tratamiento de datos se realiza en base a:<\/p><ul><li>Ejecuci\u00f3n de un contrato (cuando solicita servicios o presupuestos).<\/li><li>Consentimiento (formularios de contacto, comunicaciones opcionales, cookies).<\/li><li>Inter\u00e9s leg\u00edtimo (anal\u00edtica b\u00e1sica y seguridad).<\/li><li>Obligaci\u00f3n legal (facturaci\u00f3n, impuestos, mantenimiento de registros).<\/li><\/ul>\t\t\t\t\t\t\t\t<\/div>\n\t\t\t\t<\/div>\n\t\t<div class=\"elementor-element elementor-element-a51a161 e-con-full e-flex e-con e-child\" data-id=\"a51a161\" data-element_type=\"container\" data-e-type=\"container\">\n\t\t\t\t<div class=\"elementor-element elementor-element-166d762 elementor-widget elementor-widget-heading\" data-id=\"166d762\" data-element_type=\"widget\" data-e-type=\"widget\" data-widget_type=\"heading.default\">\n\t\t\t\t\t<h2 class=\"elementor-heading-title elementor-size-default\">Retenci\u00f3n de datos<\/h2>\t\t\t\t<\/div>\n\t\t\t\t<div class=\"elementor-element elementor-element-639d85a elementor-widget elementor-widget-text-editor\" data-id=\"639d85a\" data-element_type=\"widget\" data-e-type=\"widget\" data-widget_type=\"text-editor.default\">\n\t\t\t\t\t\t\t\t\t<ul><li>Datos de consultas y solicitudes: conservados hasta 12 meses.<\/li><li>Datos de clientes: conservados durante el per\u00edodo legalmente requerido (p. ej., obligaciones fiscales).<\/li><li>Datos anal\u00edticos: seg\u00fan lo indicado en la pol\u00edtica de cookies y en funci\u00f3n del consentimiento otorgado.<\/li><\/ul>\t\t\t\t\t\t\t\t<\/div>\n\t\t\t\t<\/div>\n\t\t<div class=\"elementor-element elementor-element-566ad01 e-con-full e-flex e-con e-child\" data-id=\"566ad01\" data-element_type=\"container\" data-e-type=\"container\">\n\t\t\t\t<div class=\"elementor-element elementor-element-2976d76 elementor-widget elementor-widget-heading\" data-id=\"2976d76\" data-element_type=\"widget\" data-e-type=\"widget\" data-widget_type=\"heading.default\">\n\t\t\t\t\t<h2 class=\"elementor-heading-title elementor-size-default\">Intercambio de datos<\/h2>\t\t\t\t<\/div>\n\t\t\t\t<div class=\"elementor-element elementor-element-14eda6d elementor-widget elementor-widget-text-editor\" data-id=\"14eda6d\" data-element_type=\"widget\" data-e-type=\"widget\" data-widget_type=\"text-editor.default\">\n\t\t\t\t\t\t\t\t\t<p>Los datos personales pueden ser compartidos con:<\/p><ul><li>Proveedor de alojamiento web y servicios t\u00e9cnicos.<\/li><li>Plataformas de correo electr\u00f3nico y mensajer\u00eda.<\/li><li>Servicios de pago o facturaci\u00f3n (si corresponde).<br \/>Todos los terceros cumplen con los requisitos del RGPD.<\/li><\/ul><p>No vendemos ni transferimos datos con fines comerciales o de marketing.<\/p>\t\t\t\t\t\t\t\t<\/div>\n\t\t\t\t<\/div>\n\t\t<div class=\"elementor-element elementor-element-b3cd670 e-con-full e-flex e-con e-child\" data-id=\"b3cd670\" data-element_type=\"container\" data-e-type=\"container\">\n\t\t\t\t<div class=\"elementor-element elementor-element-5e6bc8d elementor-widget elementor-widget-heading\" data-id=\"5e6bc8d\" data-element_type=\"widget\" data-e-type=\"widget\" data-widget_type=\"heading.default\">\n\t\t\t\t\t<h2 class=\"elementor-heading-title elementor-size-default\">Transferencias internacionales<\/h2>\t\t\t\t<\/div>\n\t\t\t\t<div class=\"elementor-element elementor-element-22b5279 elementor-widget elementor-widget-text-editor\" data-id=\"22b5279\" data-element_type=\"widget\" data-e-type=\"widget\" data-widget_type=\"text-editor.default\">\n\t\t\t\t\t\t\t\t\t<p>Si alg\u00fan servicio utilizado implica la transferencia de datos fuera de la UE (p. ej., servicios de Google), esta se realiza con las garant\u00edas adecuadas conforme al RGPD, como las Cl\u00e1usulas Contractuales Tipo.<\/p>\t\t\t\t\t\t\t\t<\/div>\n\t\t\t\t<\/div>\n\t\t<div class=\"elementor-element elementor-element-6564bbb e-con-full e-flex e-con e-child\" data-id=\"6564bbb\" data-element_type=\"container\" data-e-type=\"container\">\n\t\t\t\t<div class=\"elementor-element elementor-element-b579b1d elementor-widget elementor-widget-heading\" data-id=\"b579b1d\" data-element_type=\"widget\" data-e-type=\"widget\" data-widget_type=\"heading.default\">\n\t\t\t\t\t<h2 class=\"elementor-heading-title elementor-size-default\">Sus derechos (RGPD)<\/h2>\t\t\t\t<\/div>\n\t\t\t\t<div class=\"elementor-element elementor-element-341a9fc elementor-widget elementor-widget-text-editor\" data-id=\"341a9fc\" data-element_type=\"widget\" data-e-type=\"widget\" data-widget_type=\"text-editor.default\">\n\t\t\t\t\t\t\t\t\t<p>Usted puede ejercer los siguientes derechos en cualquier momento:<\/p><ul><li>Derecho de acceso<\/li><li>Derecho de rectificaci\u00f3n<\/li><li>Derecho de supresi\u00f3n<\/li><li>Derecho a la limitaci\u00f3n del tratamiento<\/li><li>Derecho a la portabilidad de los datos<\/li><li>Derecho de oposici\u00f3n<\/li><li>Derecho a retirar el consentimiento<\/li><\/ul><p>Para ejercer estos derechos, escriba a: info@lushgardentenerife.es<\/p><p>Tambi\u00e9n tiene derecho a presentar una reclamaci\u00f3n ante la AEPD (Agencia Espa\u00f1ola de Protecci\u00f3n de Datos).<\/p>\t\t\t\t\t\t\t\t<\/div>\n\t\t\t\t<\/div>\n\t\t<div class=\"elementor-element elementor-element-6f6ebf3 e-con-full e-flex e-con e-child\" data-id=\"6f6ebf3\" data-element_type=\"container\" data-e-type=\"container\">\n\t\t\t\t<div class=\"elementor-element elementor-element-b1293c7 elementor-widget elementor-widget-heading\" data-id=\"b1293c7\" data-element_type=\"widget\" data-e-type=\"widget\" data-widget_type=\"heading.default\">\n\t\t\t\t\t<h2 class=\"elementor-heading-title elementor-size-default\">Medidas de seguridad<\/h2>\t\t\t\t<\/div>\n\t\t\t\t<div class=\"elementor-element elementor-element-f8bb684 elementor-widget elementor-widget-text-editor\" data-id=\"f8bb684\" data-element_type=\"widget\" data-e-type=\"widget\" data-widget_type=\"text-editor.default\">\n\t\t\t\t\t\t\t\t\t<p>Aplicamos medidas t\u00e9cnicas y organizativas adecuadas para proteger los datos personales, incluyendo conexiones cifradas (HTTPS), alojamiento seguro y acceso restringido.<\/p>\t\t\t\t\t\t\t\t<\/div>\n\t\t\t\t<\/div>\n\t\t<div class=\"elementor-element elementor-element-7e5db27 e-con-full e-flex e-con e-child\" data-id=\"7e5db27\" data-element_type=\"container\" data-e-type=\"container\">\n\t\t\t\t<div class=\"elementor-element elementor-element-7ba822c elementor-widget elementor-widget-heading\" data-id=\"7ba822c\" data-element_type=\"widget\" data-e-type=\"widget\" data-widget_type=\"heading.default\">\n\t\t\t\t\t<h2 class=\"elementor-heading-title elementor-size-default\">Cambios en esta Pol\u00edtica de Privacidad<\/h2>\t\t\t\t<\/div>\n\t\t\t\t<div class=\"elementor-element elementor-element-cabd699 elementor-widget elementor-widget-text-editor\" data-id=\"cabd699\" data-element_type=\"widget\" data-e-type=\"widget\" data-widget_type=\"text-editor.default\">\n\t\t\t\t\t\t\t\t\t<p>Podemos actualizar esta pol\u00edtica para cumplir con requisitos legales o mejorar su claridad. La versi\u00f3n m\u00e1s reciente estar\u00e1 siempre disponible en este sitio web.<\/p>\t\t\t\t\t\t\t\t<\/div>\n\t\t\t\t<\/div>\n\t\t\t\t\t<\/div>\n\t\t\t\t<\/div>\n\t\t\t\t<\/div>","protected":false},"excerpt":{"rendered":"<p>Privacy Policy Data Controller The personal data collected on this website are processed by: R\u00f3bert Ny\u00e1ri NIE: Z2422602V Email: info@lushgardentenerife.es [&hellip;]<\/p>\n","protected":false},"author":1,"featured_media":0,"parent":0,"menu_order":0,"comment_status":"closed","ping_status":"open","template":"elementor_header_footer","meta":{"site-sidebar-layout":"default","site-content-layout":"","ast-site-content-layout":"full-width-container","site-content-style":"default","site-sidebar-style":"default","ast-global-header-display":"","ast-banner-title-visibility":"","ast-main-header-display":"","ast-hfb-above-header-display":"","ast-hfb-below-header-display":"","ast-hfb-mobile-header-display":"","site-post-title":"","ast-breadcrumbs-content":"","ast-featured-img":"","footer-sml-layout":"","ast-disable-related-posts":"","theme-transparent-header-meta":"default","adv-header-id-meta":"","stick-header-meta":"","header-above-stick-meta":"","header-main-stick-meta":"","header-below-stick-meta":"","astra-migrate-meta-layouts":"set","ast-page-background-enabled":"default","ast-page-background-meta":{"desktop":{"background-color":"var(--ast-global-color-4)","background-image":"","background-repeat":"repeat","background-position":"center center","background-size":"auto","background-attachment":"scroll","background-type":"","background-media":"","overlay-type":"","overlay-color":"","overlay-opacity":"","overlay-gradient":""},"tablet":{"background-color":"","background-image":"","background-repeat":"repeat","background-position":"center center","background-size":"auto","background-attachment":"scroll","background-type":"","background-media":"","overlay-type":"","overlay-color":"","overlay-opacity":"","overlay-gradient":""},"mobile":{"background-color":"","background-image":"","background-repeat":"repeat","background-position":"center center","background-size":"auto","background-attachment":"scroll","background-type":"","background-media":"","overlay-type":"","overlay-color":"","overlay-opacity":"","overlay-gradient":""}},"ast-content-background-meta":{"desktop":{"background-color":"var(--ast-global-color-5)","background-image":"","background-repeat":"repeat","background-position":"center center","background-size":"auto","background-attachment":"scroll","background-type":"","background-media":"","overlay-type":"","overlay-color":"","overlay-opacity":"","overlay-gradient":""},"tablet":{"background-color":"var(--ast-global-color-5)","background-image":"","background-repeat":"repeat","background-position":"center center","background-size":"auto","background-attachment":"scroll","background-type":"","background-media":"","overlay-type":"","overlay-color":"","overlay-opacity":"","overlay-gradient":""},"mobile":{"background-color":"var(--ast-global-color-5)","background-image":"","background-repeat":"repeat","background-position":"center center","background-size":"auto","background-attachment":"scroll","background-type":"","background-media":"","overlay-type":"","overlay-color":"","overlay-opacity":"","overlay-gradient":""}},"footnotes":""},"class_list":["post-3","page","type-page","status-publish","hentry"],"yoast_head":"<!-- This site is optimized with the Yoast SEO Premium plugin v27.4 (Yoast SEO v27.4) - https:\/\/yoast.com\/product\/yoast-seo-premium-wordpress\/ -->\n<title>Privacy Policy - Lush Garden Tenerife<\/title>\n<meta name=\"robots\" content=\"index, follow, max-snippet:-1, max-image-preview:large, max-video-preview:-1\" \/>\n<link rel=\"canonical\" href=\"https:\/\/lushgardentenerife.es\/es\/politica-de-privacidad\/\" \/>\n<meta property=\"og:locale\" content=\"es_ES\" \/>\n<meta property=\"og:type\" content=\"article\" \/>\n<meta property=\"og:title\" content=\"Privacy Policy\" \/>\n<meta property=\"og:description\" content=\"Privacy Policy Data Controller The personal data collected on this website are processed by: R\u00f3bert Ny\u00e1ri NIE: Z2422602V Email: info@lushgardentenerife.es [&hellip;]\" \/>\n<meta property=\"og:url\" content=\"https:\/\/lushgardentenerife.es\/es\/politica-de-privacidad\/\" \/>\n<meta property=\"og:site_name\" content=\"Lush Garden Tenerife\" \/>\n<meta property=\"article:modified_time\" content=\"2025-11-22T18:09:43+00:00\" \/>\n<meta name=\"twitter:card\" content=\"summary_large_image\" \/>\n<meta name=\"twitter:label1\" content=\"Tiempo de lectura\" \/>\n\t<meta name=\"twitter:data1\" content=\"2 minutos\" \/>\n<script type=\"application\/ld+json\" class=\"yoast-schema-graph\">{\"@context\":\"https:\\\/\\\/schema.org\",\"@graph\":[{\"@type\":\"WebPage\",\"@id\":\"https:\\\/\\\/lushgardentenerife.es\\\/privacy-policy\\\/\",\"url\":\"https:\\\/\\\/lushgardentenerife.es\\\/privacy-policy\\\/\",\"name\":\"Privacy Policy - Lush Garden Tenerife\",\"isPartOf\":{\"@id\":\"https:\\\/\\\/lushgardentenerife.es\\\/#website\"},\"datePublished\":\"2025-11-13T15:20:59+00:00\",\"dateModified\":\"2025-11-22T18:09:43+00:00\",\"breadcrumb\":{\"@id\":\"https:\\\/\\\/lushgardentenerife.es\\\/privacy-policy\\\/#breadcrumb\"},\"inLanguage\":\"es\",\"potentialAction\":[{\"@type\":\"ReadAction\",\"target\":[\"https:\\\/\\\/lushgardentenerife.es\\\/privacy-policy\\\/\"]}]},{\"@type\":\"BreadcrumbList\",\"@id\":\"https:\\\/\\\/lushgardentenerife.es\\\/privacy-policy\\\/#breadcrumb\",\"itemListElement\":[{\"@type\":\"ListItem\",\"position\":1,\"name\":\"Kezd\u0151lap\",\"item\":\"https:\\\/\\\/lushgardentenerife.es\\\/\"},{\"@type\":\"ListItem\",\"position\":2,\"name\":\"Privacy Policy\"}]},{\"@type\":\"WebSite\",\"@id\":\"https:\\\/\\\/lushgardentenerife.es\\\/#website\",\"url\":\"https:\\\/\\\/lushgardentenerife.es\\\/\",\"name\":\"Lush Garden Tenerife\",\"description\":\"Create and maintain stunning outdoor gardens with expert care\",\"potentialAction\":[{\"@type\":\"SearchAction\",\"target\":{\"@type\":\"EntryPoint\",\"urlTemplate\":\"https:\\\/\\\/lushgardentenerife.es\\\/?s={search_term_string}\"},\"query-input\":{\"@type\":\"PropertyValueSpecification\",\"valueRequired\":true,\"valueName\":\"search_term_string\"}}],\"inLanguage\":\"es\"}]}<\/script>\n<!-- \/ Yoast SEO Premium plugin. -->","yoast_head_json":{"title":"Pol\u00edtica de privacidad - Lush Garden Tenerife","robots":{"index":"index","follow":"follow","max-snippet":"max-snippet:-1","max-image-preview":"max-image-preview:large","max-video-preview":"max-video-preview:-1"},"canonical":"https:\/\/lushgardentenerife.es\/es\/politica-de-privacidad\/","og_locale":"es_ES","og_type":"article","og_title":"Privacy Policy","og_description":"Privacy Policy Data Controller The personal data collected on this website are processed by: R\u00f3bert Ny\u00e1ri NIE: Z2422602V Email: info@lushgardentenerife.es [&hellip;]","og_url":"https:\/\/lushgardentenerife.es\/es\/politica-de-privacidad\/","og_site_name":"Lush Garden Tenerife","article_modified_time":"2025-11-22T18:09:43+00:00","twitter_card":"summary_large_image","twitter_misc":{"Tiempo de lectura":"2 minutos"},"schema":{"@context":"https:\/\/schema.org","@graph":[{"@type":"WebPage","@id":"https:\/\/lushgardentenerife.es\/privacy-policy\/","url":"https:\/\/lushgardentenerife.es\/privacy-policy\/","name":"Pol\u00edtica de privacidad - Lush Garden Tenerife","isPartOf":{"@id":"https:\/\/lushgardentenerife.es\/#website"},"datePublished":"2025-11-13T15:20:59+00:00","dateModified":"2025-11-22T18:09:43+00:00","breadcrumb":{"@id":"https:\/\/lushgardentenerife.es\/privacy-policy\/#breadcrumb"},"inLanguage":"es","potentialAction":[{"@type":"ReadAction","target":["https:\/\/lushgardentenerife.es\/privacy-policy\/"]}]},{"@type":"BreadcrumbList","@id":"https:\/\/lushgardentenerife.es\/privacy-policy\/#breadcrumb","itemListElement":[{"@type":"ListItem","position":1,"name":"Kezd\u0151lap","item":"https:\/\/lushgardentenerife.es\/"},{"@type":"ListItem","position":2,"name":"Privacy Policy"}]},{"@type":"WebSite","@id":"https:\/\/lushgardentenerife.es\/#website","url":"https:\/\/lushgardentenerife.es\/","name":"Lush Garden Tenerife","description":"Cree y mantenga impresionantes jardines exteriores con cuidados expertos.","potentialAction":[{"@type":"SearchAction","target":{"@type":"EntryPoint","urlTemplate":"https:\/\/lushgardentenerife.es\/?s={search_term_string}"},"query-input":{"@type":"PropertyValueSpecification","valueRequired":true,"valueName":"search_term_string"}}],"inLanguage":"es"}]}},"_links":{"self":[{"href":"https:\/\/lushgardentenerife.es\/es\/wp-json\/wp\/v2\/pages\/3","targetHints":{"allow":["GET"]}}],"collection":[{"href":"https:\/\/lushgardentenerife.es\/es\/wp-json\/wp\/v2\/pages"}],"about":[{"href":"https:\/\/lushgardentenerife.es\/es\/wp-json\/wp\/v2\/types\/page"}],"author":[{"embeddable":true,"href":"https:\/\/lushgardentenerife.es\/es\/wp-json\/wp\/v2\/users\/1"}],"replies":[{"embeddable":true,"href":"https:\/\/lushgardentenerife.es\/es\/wp-json\/wp\/v2\/comments?post=3"}],"version-history":[{"count":31,"href":"https:\/\/lushgardentenerife.es\/es\/wp-json\/wp\/v2\/pages\/3\/revisions"}],"predecessor-version":[{"id":1738,"href":"https:\/\/lushgardentenerife.es\/es\/wp-json\/wp\/v2\/pages\/3\/revisions\/1738"}],"wp:attachment":[{"href":"https:\/\/lushgardentenerife.es\/es\/wp-json\/wp\/v2\/media?parent=3"}],"curies":[{"name":"wp","href":"https:\/\/api.w.org\/{rel}","templated":true}]}}