{"id":1678,"date":"2025-11-21T19:26:38","date_gmt":"2025-11-21T19:26:38","guid":{"rendered":"https:\/\/lushgardentenerife.es\/?page_id=1678"},"modified":"2025-11-22T18:26:29","modified_gmt":"2025-11-22T18:26:29","slug":"aviso-legal","status":"publish","type":"page","link":"https:\/\/lushgardentenerife.es\/es\/legal-notice\/","title":{"rendered":"Aviso Legal"},"content":{"rendered":"<div data-elementor-type=\"wp-page\" data-elementor-id=\"1678\" class=\"elementor elementor-1678\" data-elementor-post-type=\"page\">\n\t\t\t\t<div class=\"elementor-element elementor-element-6bfdfce e-flex e-con-boxed e-con e-parent\" data-id=\"6bfdfce\" data-element_type=\"container\" data-e-type=\"container\" data-settings=\"{&quot;background_background&quot;:&quot;classic&quot;}\">\n\t\t\t\t\t<div class=\"e-con-inner\">\n\t\t<div class=\"elementor-element elementor-element-02d8c31 e-con-full e-flex e-con e-child\" data-id=\"02d8c31\" data-element_type=\"container\" data-e-type=\"container\">\n\t\t\t\t<div class=\"elementor-element elementor-element-046879d elementor-widget elementor-widget-heading\" data-id=\"046879d\" data-element_type=\"widget\" data-e-type=\"widget\" data-widget_type=\"heading.default\">\n\t\t\t\t\t<h2 class=\"elementor-heading-title elementor-size-default\">Aviso Legal<\/h2>\t\t\t\t<\/div>\n\t\t\t\t<div class=\"elementor-element elementor-element-ff12564 elementor-widget elementor-widget-heading\" data-id=\"ff12564\" data-element_type=\"widget\" data-e-type=\"widget\" data-widget_type=\"heading.default\">\n\t\t\t\t\t<h2 class=\"elementor-heading-title elementor-size-default\">Propietario y entidad responsable<\/h2>\t\t\t\t<\/div>\n\t\t\t\t<div class=\"elementor-element elementor-element-fbf3beb elementor-widget elementor-widget-text-editor\" data-id=\"fbf3beb\" data-element_type=\"widget\" data-e-type=\"widget\" data-widget_type=\"text-editor.default\">\n\t\t\t\t\t\t\t\t\t<p>Este sitio web es propiedad y est\u00e1 gestionado por R\u00f3bert Ny\u00e1ri, un prestador de servicios aut\u00f3nomo establecido en Espa\u00f1a y residente en las Islas Canarias.<\/p><p><strong>Nombre completo:<\/strong> R\u00f3bert Ny\u00e1ri<\/p><p><strong>NIE:<\/strong> Z2422602V<\/p><p><strong>Correo electr\u00f3nico:<\/strong> info@lushgardentenerife.es<\/p><p><strong>Tel\u00e9fono:<\/strong> +34 632 636 212<\/p><p><strong>Actividad registrada:<\/strong> Servicios de jardiner\u00eda y paisajismo<\/p><p><strong>Ubicaci\u00f3n:<\/strong> Icod de los Vinos, Santa Cruz de Tenerife, Espa\u00f1a<\/p>\t\t\t\t\t\t\t\t<\/div>\n\t\t\t\t<\/div>\n\t\t<div class=\"elementor-element elementor-element-db639d6 e-con-full e-flex e-con e-child\" data-id=\"db639d6\" data-element_type=\"container\" data-e-type=\"container\">\n\t\t\t\t<div class=\"elementor-element elementor-element-cedcb74 elementor-widget elementor-widget-heading\" data-id=\"cedcb74\" data-element_type=\"widget\" data-e-type=\"widget\" data-widget_type=\"heading.default\">\n\t\t\t\t\t<h2 class=\"elementor-heading-title elementor-size-default\">Finalidad del sitio web<\/h2>\t\t\t\t<\/div>\n\t\t\t\t<div class=\"elementor-element elementor-element-fc2745d elementor-widget elementor-widget-text-editor\" data-id=\"fc2745d\" data-element_type=\"widget\" data-e-type=\"widget\" data-widget_type=\"text-editor.default\">\n\t\t\t\t\t\t\t\t\t<p>La finalidad de este sitio web es informar a los visitantes sobre los servicios de jardiner\u00eda, paisajismo y mantenimiento ofrecidos por el propietario.<\/p>\t\t\t\t\t\t\t\t<\/div>\n\t\t\t\t<\/div>\n\t\t<div class=\"elementor-element elementor-element-3f7df1f e-con-full e-flex e-con e-child\" data-id=\"3f7df1f\" data-element_type=\"container\" data-e-type=\"container\">\n\t\t\t\t<div class=\"elementor-element elementor-element-80768ce elementor-widget elementor-widget-heading\" data-id=\"80768ce\" data-element_type=\"widget\" data-e-type=\"widget\" data-widget_type=\"heading.default\">\n\t\t\t\t\t<h2 class=\"elementor-heading-title elementor-size-default\">Propiedad intelectual<\/h2>\t\t\t\t<\/div>\n\t\t\t\t<div class=\"elementor-element elementor-element-7b4bd98 elementor-widget elementor-widget-text-editor\" data-id=\"7b4bd98\" data-element_type=\"widget\" data-e-type=\"widget\" data-widget_type=\"text-editor.default\">\n\t\t\t\t\t\t\t\t\t<p>Todo el contenido de este sitio web \u2014incluyendo textos, im\u00e1genes, gr\u00e1ficos y dise\u00f1o\u2014 est\u00e1 protegido por la normativa vigente en materia de propiedad intelectual.\nQueda prohibida cualquier reproducci\u00f3n o distribuci\u00f3n sin la autorizaci\u00f3n previa y por escrito del propietario.<\/p>\t\t\t\t\t\t\t\t<\/div>\n\t\t\t\t<\/div>\n\t\t<div class=\"elementor-element elementor-element-e60910a e-con-full e-flex e-con e-child\" data-id=\"e60910a\" data-element_type=\"container\" data-e-type=\"container\">\n\t\t\t\t<div class=\"elementor-element elementor-element-c88140c elementor-widget elementor-widget-heading\" data-id=\"c88140c\" data-element_type=\"widget\" data-e-type=\"widget\" data-widget_type=\"heading.default\">\n\t\t\t\t\t<h2 class=\"elementor-heading-title elementor-size-default\">Enlaces externos<\/h2>\t\t\t\t<\/div>\n\t\t\t\t<div class=\"elementor-element elementor-element-ef1c858 elementor-widget elementor-widget-text-editor\" data-id=\"ef1c858\" data-element_type=\"widget\" data-e-type=\"widget\" data-widget_type=\"text-editor.default\">\n\t\t\t\t\t\t\t\t\t<p>Este sitio web puede contener enlaces a p\u00e1ginas externas. El propietario no se hace responsable del contenido, pol\u00edticas o funcionamiento de sitios de terceros.<\/p>\t\t\t\t\t\t\t\t<\/div>\n\t\t\t\t<\/div>\n\t\t<div class=\"elementor-element elementor-element-f49a259 e-con-full e-flex e-con e-child\" data-id=\"f49a259\" data-element_type=\"container\" data-e-type=\"container\">\n\t\t\t\t<div class=\"elementor-element elementor-element-be9aa11 elementor-widget elementor-widget-heading\" data-id=\"be9aa11\" data-element_type=\"widget\" data-e-type=\"widget\" data-widget_type=\"heading.default\">\n\t\t\t\t\t<h2 class=\"elementor-heading-title elementor-size-default\">Limitaci\u00f3n de responsabilidad<\/h2>\t\t\t\t<\/div>\n\t\t\t\t<div class=\"elementor-element elementor-element-ab587fc elementor-widget elementor-widget-text-editor\" data-id=\"ab587fc\" data-element_type=\"widget\" data-e-type=\"widget\" data-widget_type=\"text-editor.default\">\n\t\t\t\t\t\t\t\t\t<p>El propietario no se responsabiliza de los da\u00f1os derivados del uso de este sitio web, incluidos errores t\u00e9cnicos o interrupciones del servicio.<\/p>\t\t\t\t\t\t\t\t<\/div>\n\t\t\t\t<\/div>\n\t\t<div class=\"elementor-element elementor-element-d2047f2 e-con-full e-flex e-con e-child\" data-id=\"d2047f2\" data-element_type=\"container\" data-e-type=\"container\">\n\t\t\t\t<div class=\"elementor-element elementor-element-bb878b8 elementor-widget elementor-widget-heading\" data-id=\"bb878b8\" data-element_type=\"widget\" data-e-type=\"widget\" data-widget_type=\"heading.default\">\n\t\t\t\t\t<h2 class=\"elementor-heading-title elementor-size-default\">Legislaci\u00f3n Aplicable<\/h2>\t\t\t\t<\/div>\n\t\t\t\t<div class=\"elementor-element elementor-element-4d61ea4 elementor-widget elementor-widget-text-editor\" data-id=\"4d61ea4\" data-element_type=\"widget\" data-e-type=\"widget\" data-widget_type=\"text-editor.default\">\n\t\t\t\t\t\t\t\t\t<p>El presente Aviso Legal se rige por la legislaci\u00f3n espa\u00f1ola, incluyendo la Ley 34\/2002 de Servicios de la Sociedad de la Informaci\u00f3n (LSSI) y los requisitos pertinentes del Reglamento General de Protecci\u00f3n de Datos (RGPD).<\/p>\t\t\t\t\t\t\t\t<\/div>\n\t\t\t\t<\/div>\n\t\t\t\t\t<\/div>\n\t\t\t\t<\/div>\n\t\t\t\t<\/div>","protected":false},"excerpt":{"rendered":"<p>Legal Notice Owner and Responsible Entity This website is owned and operated by R\u00f3bert Ny\u00e1ri, an individual service provider (aut\u00f3nomo) [&hellip;]<\/p>\n","protected":false},"author":1,"featured_media":0,"parent":0,"menu_order":0,"comment_status":"closed","ping_status":"closed","template":"","meta":{"site-sidebar-layout":"no-sidebar","site-content-layout":"","ast-site-content-layout":"full-width-container","site-content-style":"default","site-sidebar-style":"default","ast-global-header-display":"","ast-banner-title-visibility":"","ast-main-header-display":"","ast-hfb-above-header-display":"","ast-hfb-below-header-display":"","ast-hfb-mobile-header-display":"","site-post-title":"","ast-breadcrumbs-content":"","ast-featured-img":"disabled","footer-sml-layout":"","ast-disable-related-posts":"","theme-transparent-header-meta":"default","adv-header-id-meta":"","stick-header-meta":"","header-above-stick-meta":"","header-main-stick-meta":"","header-below-stick-meta":"","astra-migrate-meta-layouts":"set","ast-page-background-enabled":"default","ast-page-background-meta":{"desktop":{"background-color":"var(--ast-global-color-4)","background-image":"","background-repeat":"repeat","background-position":"center center","background-size":"auto","background-attachment":"scroll","background-type":"","background-media":"","overlay-type":"","overlay-color":"","overlay-opacity":"","overlay-gradient":""},"tablet":{"background-color":"","background-image":"","background-repeat":"repeat","background-position":"center center","background-size":"auto","background-attachment":"scroll","background-type":"","background-media":"","overlay-type":"","overlay-color":"","overlay-opacity":"","overlay-gradient":""},"mobile":{"background-color":"","background-image":"","background-repeat":"repeat","background-position":"center center","background-size":"auto","background-attachment":"scroll","background-type":"","background-media":"","overlay-type":"","overlay-color":"","overlay-opacity":"","overlay-gradient":""}},"ast-content-background-meta":{"desktop":{"background-color":"var(--ast-global-color-5)","background-image":"","background-repeat":"repeat","background-position":"center center","background-size":"auto","background-attachment":"scroll","background-type":"","background-media":"","overlay-type":"","overlay-color":"","overlay-opacity":"","overlay-gradient":""},"tablet":{"background-color":"var(--ast-global-color-5)","background-image":"","background-repeat":"repeat","background-position":"center center","background-size":"auto","background-attachment":"scroll","background-type":"","background-media":"","overlay-type":"","overlay-color":"","overlay-opacity":"","overlay-gradient":""},"mobile":{"background-color":"var(--ast-global-color-5)","background-image":"","background-repeat":"repeat","background-position":"center center","background-size":"auto","background-attachment":"scroll","background-type":"","background-media":"","overlay-type":"","overlay-color":"","overlay-opacity":"","overlay-gradient":""}},"footnotes":""},"class_list":["post-1678","page","type-page","status-publish","hentry"],"yoast_head":"<!-- This site is optimized with the Yoast SEO Premium plugin v27.4 (Yoast SEO v27.4) - https:\/\/yoast.com\/product\/yoast-seo-premium-wordpress\/ -->\n<title>Legal Notice - Lush Garden Tenerife<\/title>\n<meta name=\"robots\" content=\"index, follow, max-snippet:-1, max-image-preview:large, max-video-preview:-1\" \/>\n<link rel=\"canonical\" href=\"https:\/\/lushgardentenerife.es\/es\/aviso-legal\/\" \/>\n<meta property=\"og:locale\" content=\"es_ES\" \/>\n<meta property=\"og:type\" content=\"article\" \/>\n<meta property=\"og:title\" content=\"Legal Notice\" \/>\n<meta property=\"og:description\" content=\"Legal Notice Owner and Responsible Entity This website is owned and operated by R\u00f3bert Ny\u00e1ri, an individual service provider (aut\u00f3nomo) [&hellip;]\" \/>\n<meta property=\"og:url\" content=\"https:\/\/lushgardentenerife.es\/es\/aviso-legal\/\" \/>\n<meta property=\"og:site_name\" content=\"Lush Garden Tenerife\" \/>\n<meta property=\"article:modified_time\" content=\"2025-11-22T18:26:29+00:00\" \/>\n<meta name=\"twitter:card\" content=\"summary_large_image\" \/>\n<meta name=\"twitter:label1\" content=\"Tiempo de lectura\" \/>\n\t<meta name=\"twitter:data1\" content=\"1 minuto\" \/>\n<script type=\"application\/ld+json\" class=\"yoast-schema-graph\">{\"@context\":\"https:\\\/\\\/schema.org\",\"@graph\":[{\"@type\":\"WebPage\",\"@id\":\"https:\\\/\\\/lushgardentenerife.es\\\/legal-notice\\\/\",\"url\":\"https:\\\/\\\/lushgardentenerife.es\\\/legal-notice\\\/\",\"name\":\"Legal Notice - Lush Garden Tenerife\",\"isPartOf\":{\"@id\":\"https:\\\/\\\/lushgardentenerife.es\\\/#website\"},\"datePublished\":\"2025-11-21T19:26:38+00:00\",\"dateModified\":\"2025-11-22T18:26:29+00:00\",\"breadcrumb\":{\"@id\":\"https:\\\/\\\/lushgardentenerife.es\\\/legal-notice\\\/#breadcrumb\"},\"inLanguage\":\"es\",\"potentialAction\":[{\"@type\":\"ReadAction\",\"target\":[\"https:\\\/\\\/lushgardentenerife.es\\\/legal-notice\\\/\"]}]},{\"@type\":\"BreadcrumbList\",\"@id\":\"https:\\\/\\\/lushgardentenerife.es\\\/legal-notice\\\/#breadcrumb\",\"itemListElement\":[{\"@type\":\"ListItem\",\"position\":1,\"name\":\"Kezd\u0151lap\",\"item\":\"https:\\\/\\\/lushgardentenerife.es\\\/\"},{\"@type\":\"ListItem\",\"position\":2,\"name\":\"Legal Notice\"}]},{\"@type\":\"WebSite\",\"@id\":\"https:\\\/\\\/lushgardentenerife.es\\\/#website\",\"url\":\"https:\\\/\\\/lushgardentenerife.es\\\/\",\"name\":\"Lush Garden Tenerife\",\"description\":\"Create and maintain stunning outdoor gardens with expert care\",\"potentialAction\":[{\"@type\":\"SearchAction\",\"target\":{\"@type\":\"EntryPoint\",\"urlTemplate\":\"https:\\\/\\\/lushgardentenerife.es\\\/?s={search_term_string}\"},\"query-input\":{\"@type\":\"PropertyValueSpecification\",\"valueRequired\":true,\"valueName\":\"search_term_string\"}}],\"inLanguage\":\"es\"}]}<\/script>\n<!-- \/ Yoast SEO Premium plugin. -->","yoast_head_json":{"title":"Aviso legal - Lush Garden Tenerife","robots":{"index":"index","follow":"follow","max-snippet":"max-snippet:-1","max-image-preview":"max-image-preview:large","max-video-preview":"max-video-preview:-1"},"canonical":"https:\/\/lushgardentenerife.es\/es\/aviso-legal\/","og_locale":"es_ES","og_type":"article","og_title":"Legal Notice","og_description":"Legal Notice Owner and Responsible Entity This website is owned and operated by R\u00f3bert Ny\u00e1ri, an individual service provider (aut\u00f3nomo) [&hellip;]","og_url":"https:\/\/lushgardentenerife.es\/es\/aviso-legal\/","og_site_name":"Lush Garden Tenerife","article_modified_time":"2025-11-22T18:26:29+00:00","twitter_card":"summary_large_image","twitter_misc":{"Tiempo de lectura":"1 minuto"},"schema":{"@context":"https:\/\/schema.org","@graph":[{"@type":"WebPage","@id":"https:\/\/lushgardentenerife.es\/legal-notice\/","url":"https:\/\/lushgardentenerife.es\/legal-notice\/","name":"Aviso legal - Lush Garden Tenerife","isPartOf":{"@id":"https:\/\/lushgardentenerife.es\/#website"},"datePublished":"2025-11-21T19:26:38+00:00","dateModified":"2025-11-22T18:26:29+00:00","breadcrumb":{"@id":"https:\/\/lushgardentenerife.es\/legal-notice\/#breadcrumb"},"inLanguage":"es","potentialAction":[{"@type":"ReadAction","target":["https:\/\/lushgardentenerife.es\/legal-notice\/"]}]},{"@type":"BreadcrumbList","@id":"https:\/\/lushgardentenerife.es\/legal-notice\/#breadcrumb","itemListElement":[{"@type":"ListItem","position":1,"name":"Kezd\u0151lap","item":"https:\/\/lushgardentenerife.es\/"},{"@type":"ListItem","position":2,"name":"Legal Notice"}]},{"@type":"WebSite","@id":"https:\/\/lushgardentenerife.es\/#website","url":"https:\/\/lushgardentenerife.es\/","name":"Lush Garden Tenerife","description":"Cree y mantenga impresionantes jardines exteriores con cuidados expertos.","potentialAction":[{"@type":"SearchAction","target":{"@type":"EntryPoint","urlTemplate":"https:\/\/lushgardentenerife.es\/?s={search_term_string}"},"query-input":{"@type":"PropertyValueSpecification","valueRequired":true,"valueName":"search_term_string"}}],"inLanguage":"es"}]}},"_links":{"self":[{"href":"https:\/\/lushgardentenerife.es\/es\/wp-json\/wp\/v2\/pages\/1678","targetHints":{"allow":["GET"]}}],"collection":[{"href":"https:\/\/lushgardentenerife.es\/es\/wp-json\/wp\/v2\/pages"}],"about":[{"href":"https:\/\/lushgardentenerife.es\/es\/wp-json\/wp\/v2\/types\/page"}],"author":[{"embeddable":true,"href":"https:\/\/lushgardentenerife.es\/es\/wp-json\/wp\/v2\/users\/1"}],"replies":[{"embeddable":true,"href":"https:\/\/lushgardentenerife.es\/es\/wp-json\/wp\/v2\/comments?post=1678"}],"version-history":[{"count":29,"href":"https:\/\/lushgardentenerife.es\/es\/wp-json\/wp\/v2\/pages\/1678\/revisions"}],"predecessor-version":[{"id":1739,"href":"https:\/\/lushgardentenerife.es\/es\/wp-json\/wp\/v2\/pages\/1678\/revisions\/1739"}],"wp:attachment":[{"href":"https:\/\/lushgardentenerife.es\/es\/wp-json\/wp\/v2\/media?parent=1678"}],"curies":[{"name":"wp","href":"https:\/\/api.w.org\/{rel}","templated":true}]}}