{"id":3,"date":"2025-11-13T15:20:59","date_gmt":"2025-11-13T15:20:59","guid":{"rendered":"https:\/\/lushgardentenerife.es\/?page_id=3"},"modified":"2025-11-22T18:09:43","modified_gmt":"2025-11-22T18:09:43","slug":"datenschutzerklarung","status":"publish","type":"page","link":"https:\/\/lushgardentenerife.es\/de\/privacy-policy\/","title":{"rendered":"Datenschutzerkl\u00e4rung"},"content":{"rendered":"<div data-elementor-type=\"wp-page\" data-elementor-id=\"3\" class=\"elementor elementor-3\" data-elementor-post-type=\"page\">\n\t\t\t\t<div class=\"elementor-element elementor-element-4a6701c3 e-flex e-con-boxed e-con e-parent\" data-id=\"4a6701c3\" data-element_type=\"container\" data-e-type=\"container\" data-settings=\"{&quot;background_background&quot;:&quot;classic&quot;}\">\n\t\t\t\t\t<div class=\"e-con-inner\">\n\t\t<div class=\"elementor-element elementor-element-6516b0e e-con-full e-flex e-con e-child\" data-id=\"6516b0e\" data-element_type=\"container\" data-e-type=\"container\">\n\t\t\t\t<div class=\"elementor-element elementor-element-05c2c8b elementor-widget elementor-widget-heading\" data-id=\"05c2c8b\" data-element_type=\"widget\" data-e-type=\"widget\" data-widget_type=\"heading.default\">\n\t\t\t\t\t<h2 class=\"elementor-heading-title elementor-size-default\">Datenschutzerkl\u00e4rung<\/h2>\t\t\t\t<\/div>\n\t\t\t\t<\/div>\n\t\t<div class=\"elementor-element elementor-element-bfe524a e-con-full e-flex e-con e-child\" data-id=\"bfe524a\" data-element_type=\"container\" data-e-type=\"container\">\n\t\t\t\t<div class=\"elementor-element elementor-element-d9ee92f elementor-widget elementor-widget-heading\" data-id=\"d9ee92f\" data-element_type=\"widget\" data-e-type=\"widget\" data-widget_type=\"heading.default\">\n\t\t\t\t\t<h2 class=\"elementor-heading-title elementor-size-default\">Datenverantwortlicher<\/h2>\t\t\t\t<\/div>\n\t\t\t\t<div class=\"elementor-element elementor-element-8427386 elementor-widget elementor-widget-text-editor\" data-id=\"8427386\" data-element_type=\"widget\" data-e-type=\"widget\" data-widget_type=\"text-editor.default\">\n\t\t\t\t\t\t\t\t\t<p>Die auf dieser Website erhobenen personenbezogenen Daten werden verarbeitet von:<\/p><ul><li>R\u00f3bert Ny\u00e1ri<\/li><li>NIE: Z2422602V<\/li><li>E-Mail: info@lushgardentenerife.es<\/li><li>Telefon: +34 632 636 212<\/li><\/ul>\t\t\t\t\t\t\t\t<\/div>\n\t\t\t\t<\/div>\n\t\t<div class=\"elementor-element elementor-element-e8759c9 e-con-full e-flex e-con e-child\" data-id=\"e8759c9\" data-element_type=\"container\" data-e-type=\"container\">\n\t\t\t\t<div class=\"elementor-element elementor-element-c7b3ae3 elementor-widget elementor-widget-heading\" data-id=\"c7b3ae3\" data-element_type=\"widget\" data-e-type=\"widget\" data-widget_type=\"heading.default\">\n\t\t\t\t\t<h2 class=\"elementor-heading-title elementor-size-default\">Welche personenbezogenen Daten wir erheben<\/h2>\t\t\t\t<\/div>\n\t\t\t\t<div class=\"elementor-element elementor-element-54ea4af elementor-widget elementor-widget-text-editor\" data-id=\"54ea4af\" data-element_type=\"widget\" data-e-type=\"widget\" data-widget_type=\"text-editor.default\">\n\t\t\t\t\t\t\t\t\t<p>Wir k\u00f6nnen die folgenden personenbezogenen Daten erfassen, wenn Sie diese Website nutzen:<\/p><ul><li>Identifikationsdaten: Name, E-Mail-Adresse, Telefonnummer (bei Kontaktaufnahme).<\/li><li>Technische Daten: IP-Adresse, Browsertyp, Ger\u00e4teinformationen, besuchte Seiten.<\/li><li>Alle Daten, die Sie freiwillig \u00fcber Formulare, E-Mail oder Messaging-Apps bereitstellen.<\/li><\/ul>\t\t\t\t\t\t\t\t<\/div>\n\t\t\t\t<\/div>\n\t\t<div class=\"elementor-element elementor-element-35b00ec e-con-full e-flex e-con e-child\" data-id=\"35b00ec\" data-element_type=\"container\" data-e-type=\"container\">\n\t\t\t\t<div class=\"elementor-element elementor-element-b68a9da elementor-widget elementor-widget-heading\" data-id=\"b68a9da\" data-element_type=\"widget\" data-e-type=\"widget\" data-widget_type=\"heading.default\">\n\t\t\t\t\t<h2 class=\"elementor-heading-title elementor-size-default\">Zwecke der Datenverarbeitung<\/h2>\t\t\t\t<\/div>\n\t\t\t\t<div class=\"elementor-element elementor-element-c5c2408 elementor-widget elementor-widget-text-editor\" data-id=\"c5c2408\" data-element_type=\"widget\" data-e-type=\"widget\" data-widget_type=\"text-editor.default\">\n\t\t\t\t\t\t\t\t\t<p>Wir verarbeiten Ihre Daten zu folgenden Zwecken:<\/p><ul><li>Beantwortung von Anfragen und Serviceanfragen.<\/li><li>Erstellung von Angeboten, Kommunikation und Kundenbetreuung.<\/li><li>Terminvereinbarung f\u00fcr Gartenarbeiten und anschlie\u00dfende Kontaktaufnahme.<\/li><li>Gew\u00e4hrleistung der Website-Funktionalit\u00e4t, Analyse und Verbesserung der Leistung.<\/li><li>Einhaltung gesetzlicher Verpflichtungen.<\/li><\/ul>\t\t\t\t\t\t\t\t<\/div>\n\t\t\t\t<\/div>\n\t\t<div class=\"elementor-element elementor-element-7821475 e-con-full e-flex e-con e-child\" data-id=\"7821475\" data-element_type=\"container\" data-e-type=\"container\">\n\t\t\t\t<div class=\"elementor-element elementor-element-33e07f0 elementor-widget elementor-widget-heading\" data-id=\"33e07f0\" data-element_type=\"widget\" data-e-type=\"widget\" data-widget_type=\"heading.default\">\n\t\t\t\t\t<h2 class=\"elementor-heading-title elementor-size-default\">Rechtsgrundlagen der Verarbeitung<\/h2>\t\t\t\t<\/div>\n\t\t\t\t<div class=\"elementor-element elementor-element-0071149 elementor-widget elementor-widget-text-editor\" data-id=\"0071149\" data-element_type=\"widget\" data-e-type=\"widget\" data-widget_type=\"text-editor.default\">\n\t\t\t\t\t\t\t\t\t<p>Die Verarbeitung erfolgt auf Grundlage von:<\/p><ul><li>Vertragserf\u00fcllung (bei Service- oder Angebotsanfragen).<\/li><li>Einwilligung (Kontaktformulare, optionale Kommunikation, Cookies).<\/li><li>Berechtigtes Interesse (grundlegende Analysen und Sicherheit).<\/li><li>Gesetzliche Verpflichtungen (Rechnungsstellung, Steuerzwecke, Aufbewahrungspflichten).<\/li><\/ul>\t\t\t\t\t\t\t\t<\/div>\n\t\t\t\t<\/div>\n\t\t<div class=\"elementor-element elementor-element-a51a161 e-con-full e-flex e-con e-child\" data-id=\"a51a161\" data-element_type=\"container\" data-e-type=\"container\">\n\t\t\t\t<div class=\"elementor-element elementor-element-166d762 elementor-widget elementor-widget-heading\" data-id=\"166d762\" data-element_type=\"widget\" data-e-type=\"widget\" data-widget_type=\"heading.default\">\n\t\t\t\t\t<h2 class=\"elementor-heading-title elementor-size-default\">Datenaufbewahrung<\/h2>\t\t\t\t<\/div>\n\t\t\t\t<div class=\"elementor-element elementor-element-639d85a elementor-widget elementor-widget-text-editor\" data-id=\"639d85a\" data-element_type=\"widget\" data-e-type=\"widget\" data-widget_type=\"text-editor.default\">\n\t\t\t\t\t\t\t\t\t<ul><li>Daten von Anfragen und Serviceersuchen: bis zu 12 Monate.<\/li><li>Kundendaten: werden f\u00fcr den gesetzlich vorgeschriebenen Zeitraum aufbewahrt (z. B. steuerliche Pflichten).<\/li><li>Analysedaten: gem\u00e4\u00df Cookie-Richtlinie und erteilter Einwilligung.<\/li><\/ul>\t\t\t\t\t\t\t\t<\/div>\n\t\t\t\t<\/div>\n\t\t<div class=\"elementor-element elementor-element-566ad01 e-con-full e-flex e-con e-child\" data-id=\"566ad01\" data-element_type=\"container\" data-e-type=\"container\">\n\t\t\t\t<div class=\"elementor-element elementor-element-2976d76 elementor-widget elementor-widget-heading\" data-id=\"2976d76\" data-element_type=\"widget\" data-e-type=\"widget\" data-widget_type=\"heading.default\">\n\t\t\t\t\t<h2 class=\"elementor-heading-title elementor-size-default\">Weitergabe von Daten<\/h2>\t\t\t\t<\/div>\n\t\t\t\t<div class=\"elementor-element elementor-element-14eda6d elementor-widget elementor-widget-text-editor\" data-id=\"14eda6d\" data-element_type=\"widget\" data-e-type=\"widget\" data-widget_type=\"text-editor.default\">\n\t\t\t\t\t\t\t\t\t<p>Personenbezogene Daten k\u00f6nnen weitergegeben werden an:<\/p><ul><li>Hosting-Anbieter und technische Dienstleister.<\/li><li>E-Mail- und Kommunikationsdienste.<\/li><li>Zahlungs- oder Rechnungsstellungsdienste (falls zutreffend).<br \/>Alle Drittanbieter erf\u00fcllen die Anforderungen der DSGVO.<\/li><\/ul><p>Es erfolgt kein Verkauf oder keine Weitergabe von Daten zu Marketingzwecken.<\/p>\t\t\t\t\t\t\t\t<\/div>\n\t\t\t\t<\/div>\n\t\t<div class=\"elementor-element elementor-element-b3cd670 e-con-full e-flex e-con e-child\" data-id=\"b3cd670\" data-element_type=\"container\" data-e-type=\"container\">\n\t\t\t\t<div class=\"elementor-element elementor-element-5e6bc8d elementor-widget elementor-widget-heading\" data-id=\"5e6bc8d\" data-element_type=\"widget\" data-e-type=\"widget\" data-widget_type=\"heading.default\">\n\t\t\t\t\t<h2 class=\"elementor-heading-title elementor-size-default\">Internationale Transfers<\/h2>\t\t\t\t<\/div>\n\t\t\t\t<div class=\"elementor-element elementor-element-22b5279 elementor-widget elementor-widget-text-editor\" data-id=\"22b5279\" data-element_type=\"widget\" data-e-type=\"widget\" data-widget_type=\"text-editor.default\">\n\t\t\t\t\t\t\t\t\t<p>Falls eingesetzte Dienste eine Daten\u00fcbermittlung au\u00dferhalb der EU beinhalten (z. B. Google-Dienste), erfolgt dies auf Grundlage DSGVO-konformer Schutzma\u00dfnahmen wie Standardvertragsklauseln.<\/p>\t\t\t\t\t\t\t\t<\/div>\n\t\t\t\t<\/div>\n\t\t<div class=\"elementor-element elementor-element-6564bbb e-con-full e-flex e-con e-child\" data-id=\"6564bbb\" data-element_type=\"container\" data-e-type=\"container\">\n\t\t\t\t<div class=\"elementor-element elementor-element-b579b1d elementor-widget elementor-widget-heading\" data-id=\"b579b1d\" data-element_type=\"widget\" data-e-type=\"widget\" data-widget_type=\"heading.default\">\n\t\t\t\t\t<h2 class=\"elementor-heading-title elementor-size-default\">Ihre Rechte (DSGVO)<\/h2>\t\t\t\t<\/div>\n\t\t\t\t<div class=\"elementor-element elementor-element-341a9fc elementor-widget elementor-widget-text-editor\" data-id=\"341a9fc\" data-element_type=\"widget\" data-e-type=\"widget\" data-widget_type=\"text-editor.default\">\n\t\t\t\t\t\t\t\t\t<p>Sie k\u00f6nnen jederzeit die folgenden Rechte aus\u00fcben:<\/p><ul><li>Recht auf Zugang<\/li><li>Recht auf Berichtigung<\/li><li>Recht auf L\u00f6schung<\/li><li>Recht auf Einschr\u00e4nkung der Verarbeitung<\/li><li>Recht auf Daten\u00fcbertragbarkeit<\/li><li>Recht auf Widerspruch<\/li><li>Recht auf Widerruf Ihrer Einwilligung<\/li><\/ul><p>Zur Aus\u00fcbung dieser Rechte schreiben Sie bitte an: info@lushgardentenerife.es<\/p><p>Sie haben zudem das Recht, eine Beschwerde bei der AEPD (Agencia Espa\u00f1ola de Protecci\u00f3n de Datos) einzureichen.<\/p>\t\t\t\t\t\t\t\t<\/div>\n\t\t\t\t<\/div>\n\t\t<div class=\"elementor-element elementor-element-6f6ebf3 e-con-full e-flex e-con e-child\" data-id=\"6f6ebf3\" data-element_type=\"container\" data-e-type=\"container\">\n\t\t\t\t<div class=\"elementor-element elementor-element-b1293c7 elementor-widget elementor-widget-heading\" data-id=\"b1293c7\" data-element_type=\"widget\" data-e-type=\"widget\" data-widget_type=\"heading.default\">\n\t\t\t\t\t<h2 class=\"elementor-heading-title elementor-size-default\">Sicherheitsma\u00dfnahmen<\/h2>\t\t\t\t<\/div>\n\t\t\t\t<div class=\"elementor-element elementor-element-f8bb684 elementor-widget elementor-widget-text-editor\" data-id=\"f8bb684\" data-element_type=\"widget\" data-e-type=\"widget\" data-widget_type=\"text-editor.default\">\n\t\t\t\t\t\t\t\t\t<p>Wir setzen geeignete technische und organisatorische Ma\u00dfnahmen ein, um personenbezogene Daten zu sch\u00fctzen, darunter verschl\u00fcsselte Verbindungen (HTTPS), sicheres Hosting und eingeschr\u00e4nkte Zugriffsrechte.<\/p>\t\t\t\t\t\t\t\t<\/div>\n\t\t\t\t<\/div>\n\t\t<div class=\"elementor-element elementor-element-7e5db27 e-con-full e-flex e-con e-child\" data-id=\"7e5db27\" data-element_type=\"container\" data-e-type=\"container\">\n\t\t\t\t<div class=\"elementor-element elementor-element-7ba822c elementor-widget elementor-widget-heading\" data-id=\"7ba822c\" data-element_type=\"widget\" data-e-type=\"widget\" data-widget_type=\"heading.default\">\n\t\t\t\t\t<h2 class=\"elementor-heading-title elementor-size-default\">\u00c4nderungen dieser Datenschutzerkl\u00e4rung<\/h2>\t\t\t\t<\/div>\n\t\t\t\t<div class=\"elementor-element elementor-element-cabd699 elementor-widget elementor-widget-text-editor\" data-id=\"cabd699\" data-element_type=\"widget\" data-e-type=\"widget\" data-widget_type=\"text-editor.default\">\n\t\t\t\t\t\t\t\t\t<p>Wir k\u00f6nnen diese Richtlinie aktualisieren, um gesetzlichen Anforderungen zu entsprechen oder die Verst\u00e4ndlichkeit zu verbessern. Die jeweils aktuelle Version ist jederzeit auf dieser Website verf\u00fcgbar.<\/p>\t\t\t\t\t\t\t\t<\/div>\n\t\t\t\t<\/div>\n\t\t\t\t\t<\/div>\n\t\t\t\t<\/div>\n\t\t\t\t<\/div>","protected":false},"excerpt":{"rendered":"<p>Privacy Policy Data Controller The personal data collected on this website are processed by: R\u00f3bert Ny\u00e1ri NIE: Z2422602V Email: info@lushgardentenerife.es [&hellip;]<\/p>\n","protected":false},"author":1,"featured_media":0,"parent":0,"menu_order":0,"comment_status":"closed","ping_status":"open","template":"elementor_header_footer","meta":{"site-sidebar-layout":"default","site-content-layout":"","ast-site-content-layout":"full-width-container","site-content-style":"default","site-sidebar-style":"default","ast-global-header-display":"","ast-banner-title-visibility":"","ast-main-header-display":"","ast-hfb-above-header-display":"","ast-hfb-below-header-display":"","ast-hfb-mobile-header-display":"","site-post-title":"","ast-breadcrumbs-content":"","ast-featured-img":"","footer-sml-layout":"","ast-disable-related-posts":"","theme-transparent-header-meta":"default","adv-header-id-meta":"","stick-header-meta":"","header-above-stick-meta":"","header-main-stick-meta":"","header-below-stick-meta":"","astra-migrate-meta-layouts":"set","ast-page-background-enabled":"default","ast-page-background-meta":{"desktop":{"background-color":"var(--ast-global-color-4)","background-image":"","background-repeat":"repeat","background-position":"center center","background-size":"auto","background-attachment":"scroll","background-type":"","background-media":"","overlay-type":"","overlay-color":"","overlay-opacity":"","overlay-gradient":""},"tablet":{"background-color":"","background-image":"","background-repeat":"repeat","background-position":"center center","background-size":"auto","background-attachment":"scroll","background-type":"","background-media":"","overlay-type":"","overlay-color":"","overlay-opacity":"","overlay-gradient":""},"mobile":{"background-color":"","background-image":"","background-repeat":"repeat","background-position":"center center","background-size":"auto","background-attachment":"scroll","background-type":"","background-media":"","overlay-type":"","overlay-color":"","overlay-opacity":"","overlay-gradient":""}},"ast-content-background-meta":{"desktop":{"background-color":"var(--ast-global-color-5)","background-image":"","background-repeat":"repeat","background-position":"center center","background-size":"auto","background-attachment":"scroll","background-type":"","background-media":"","overlay-type":"","overlay-color":"","overlay-opacity":"","overlay-gradient":""},"tablet":{"background-color":"var(--ast-global-color-5)","background-image":"","background-repeat":"repeat","background-position":"center center","background-size":"auto","background-attachment":"scroll","background-type":"","background-media":"","overlay-type":"","overlay-color":"","overlay-opacity":"","overlay-gradient":""},"mobile":{"background-color":"var(--ast-global-color-5)","background-image":"","background-repeat":"repeat","background-position":"center center","background-size":"auto","background-attachment":"scroll","background-type":"","background-media":"","overlay-type":"","overlay-color":"","overlay-opacity":"","overlay-gradient":""}},"footnotes":""},"class_list":["post-3","page","type-page","status-publish","hentry"],"yoast_head":"<!-- This site is optimized with the Yoast SEO Premium plugin v27.4 (Yoast SEO v27.4) - https:\/\/yoast.com\/product\/yoast-seo-premium-wordpress\/ -->\n<title>Privacy Policy - Lush Garden Tenerife<\/title>\n<meta name=\"robots\" content=\"index, follow, max-snippet:-1, max-image-preview:large, max-video-preview:-1\" \/>\n<link rel=\"canonical\" href=\"https:\/\/lushgardentenerife.es\/de\/datenschutzerklarung\/\" \/>\n<meta property=\"og:locale\" content=\"de_DE\" \/>\n<meta property=\"og:type\" content=\"article\" \/>\n<meta property=\"og:title\" content=\"Privacy Policy\" \/>\n<meta property=\"og:description\" content=\"Privacy Policy Data Controller The personal data collected on this website are processed by: R\u00f3bert Ny\u00e1ri NIE: Z2422602V Email: info@lushgardentenerife.es [&hellip;]\" \/>\n<meta property=\"og:url\" content=\"https:\/\/lushgardentenerife.es\/de\/datenschutzerklarung\/\" \/>\n<meta property=\"og:site_name\" content=\"Lush Garden Tenerife\" \/>\n<meta property=\"article:modified_time\" content=\"2025-11-22T18:09:43+00:00\" \/>\n<meta name=\"twitter:card\" content=\"summary_large_image\" \/>\n<meta name=\"twitter:label1\" content=\"Gesch\u00e4tzte Lesezeit\" \/>\n\t<meta name=\"twitter:data1\" content=\"2\u00a0Minuten\" \/>\n<script type=\"application\/ld+json\" class=\"yoast-schema-graph\">{\"@context\":\"https:\\\/\\\/schema.org\",\"@graph\":[{\"@type\":\"WebPage\",\"@id\":\"https:\\\/\\\/lushgardentenerife.es\\\/privacy-policy\\\/\",\"url\":\"https:\\\/\\\/lushgardentenerife.es\\\/privacy-policy\\\/\",\"name\":\"Privacy Policy - Lush Garden Tenerife\",\"isPartOf\":{\"@id\":\"https:\\\/\\\/lushgardentenerife.es\\\/#website\"},\"datePublished\":\"2025-11-13T15:20:59+00:00\",\"dateModified\":\"2025-11-22T18:09:43+00:00\",\"breadcrumb\":{\"@id\":\"https:\\\/\\\/lushgardentenerife.es\\\/privacy-policy\\\/#breadcrumb\"},\"inLanguage\":\"de\",\"potentialAction\":[{\"@type\":\"ReadAction\",\"target\":[\"https:\\\/\\\/lushgardentenerife.es\\\/privacy-policy\\\/\"]}]},{\"@type\":\"BreadcrumbList\",\"@id\":\"https:\\\/\\\/lushgardentenerife.es\\\/privacy-policy\\\/#breadcrumb\",\"itemListElement\":[{\"@type\":\"ListItem\",\"position\":1,\"name\":\"Kezd\u0151lap\",\"item\":\"https:\\\/\\\/lushgardentenerife.es\\\/\"},{\"@type\":\"ListItem\",\"position\":2,\"name\":\"Privacy Policy\"}]},{\"@type\":\"WebSite\",\"@id\":\"https:\\\/\\\/lushgardentenerife.es\\\/#website\",\"url\":\"https:\\\/\\\/lushgardentenerife.es\\\/\",\"name\":\"Lush Garden Tenerife\",\"description\":\"Create and maintain stunning outdoor gardens with expert care\",\"potentialAction\":[{\"@type\":\"SearchAction\",\"target\":{\"@type\":\"EntryPoint\",\"urlTemplate\":\"https:\\\/\\\/lushgardentenerife.es\\\/?s={search_term_string}\"},\"query-input\":{\"@type\":\"PropertyValueSpecification\",\"valueRequired\":true,\"valueName\":\"search_term_string\"}}],\"inLanguage\":\"de\"}]}<\/script>\n<!-- \/ Yoast SEO Premium plugin. -->","yoast_head_json":{"title":"Datenschutzerkl\u00e4rung \u2013 Lush Garden Teneriffa","robots":{"index":"index","follow":"follow","max-snippet":"max-snippet:-1","max-image-preview":"max-image-preview:large","max-video-preview":"max-video-preview:-1"},"canonical":"https:\/\/lushgardentenerife.es\/de\/datenschutzerklarung\/","og_locale":"de_DE","og_type":"article","og_title":"Privacy Policy","og_description":"Privacy Policy Data Controller The personal data collected on this website are processed by: R\u00f3bert Ny\u00e1ri NIE: Z2422602V Email: info@lushgardentenerife.es [&hellip;]","og_url":"https:\/\/lushgardentenerife.es\/de\/datenschutzerklarung\/","og_site_name":"Lush Garden Tenerife","article_modified_time":"2025-11-22T18:09:43+00:00","twitter_card":"summary_large_image","twitter_misc":{"Gesch\u00e4tzte Lesezeit":"2\u00a0Minuten"},"schema":{"@context":"https:\/\/schema.org","@graph":[{"@type":"WebPage","@id":"https:\/\/lushgardentenerife.es\/privacy-policy\/","url":"https:\/\/lushgardentenerife.es\/privacy-policy\/","name":"Datenschutzerkl\u00e4rung \u2013 Lush Garden Teneriffa","isPartOf":{"@id":"https:\/\/lushgardentenerife.es\/#website"},"datePublished":"2025-11-13T15:20:59+00:00","dateModified":"2025-11-22T18:09:43+00:00","breadcrumb":{"@id":"https:\/\/lushgardentenerife.es\/privacy-policy\/#breadcrumb"},"inLanguage":"de","potentialAction":[{"@type":"ReadAction","target":["https:\/\/lushgardentenerife.es\/privacy-policy\/"]}]},{"@type":"BreadcrumbList","@id":"https:\/\/lushgardentenerife.es\/privacy-policy\/#breadcrumb","itemListElement":[{"@type":"ListItem","position":1,"name":"Kezd\u0151lap","item":"https:\/\/lushgardentenerife.es\/"},{"@type":"ListItem","position":2,"name":"Privacy Policy"}]},{"@type":"WebSite","@id":"https:\/\/lushgardentenerife.es\/#website","url":"https:\/\/lushgardentenerife.es\/","name":"Lush Garden Tenerife","description":"Gestalten und pflegen Sie beeindruckende Au\u00dfenbereiche mit fachkundiger Betreuung","potentialAction":[{"@type":"SearchAction","target":{"@type":"EntryPoint","urlTemplate":"https:\/\/lushgardentenerife.es\/?s={search_term_string}"},"query-input":{"@type":"PropertyValueSpecification","valueRequired":true,"valueName":"search_term_string"}}],"inLanguage":"de"}]}},"_links":{"self":[{"href":"https:\/\/lushgardentenerife.es\/de\/wp-json\/wp\/v2\/pages\/3","targetHints":{"allow":["GET"]}}],"collection":[{"href":"https:\/\/lushgardentenerife.es\/de\/wp-json\/wp\/v2\/pages"}],"about":[{"href":"https:\/\/lushgardentenerife.es\/de\/wp-json\/wp\/v2\/types\/page"}],"author":[{"embeddable":true,"href":"https:\/\/lushgardentenerife.es\/de\/wp-json\/wp\/v2\/users\/1"}],"replies":[{"embeddable":true,"href":"https:\/\/lushgardentenerife.es\/de\/wp-json\/wp\/v2\/comments?post=3"}],"version-history":[{"count":31,"href":"https:\/\/lushgardentenerife.es\/de\/wp-json\/wp\/v2\/pages\/3\/revisions"}],"predecessor-version":[{"id":1738,"href":"https:\/\/lushgardentenerife.es\/de\/wp-json\/wp\/v2\/pages\/3\/revisions\/1738"}],"wp:attachment":[{"href":"https:\/\/lushgardentenerife.es\/de\/wp-json\/wp\/v2\/media?parent=3"}],"curies":[{"name":"wp","href":"https:\/\/api.w.org\/{rel}","templated":true}]}}