{"id":1740,"date":"2025-11-22T18:13:33","date_gmt":"2025-11-22T18:13:33","guid":{"rendered":"https:\/\/lushgardentenerife.es\/?page_id=1740"},"modified":"2025-11-22T18:24:03","modified_gmt":"2025-11-22T18:24:03","slug":"cookie-richtlinie","status":"publish","type":"page","link":"https:\/\/lushgardentenerife.es\/de\/cookie-policy\/","title":{"rendered":"Cookie-Richtlinie"},"content":{"rendered":"<div data-elementor-type=\"wp-page\" data-elementor-id=\"1740\" class=\"elementor elementor-1740\" data-elementor-post-type=\"page\">\n\t\t\t\t<div class=\"elementor-element elementor-element-58c75f4 e-flex e-con-boxed e-con e-parent\" data-id=\"58c75f4\" data-element_type=\"container\" data-e-type=\"container\" data-settings=\"{&quot;background_background&quot;:&quot;classic&quot;}\">\n\t\t\t\t\t<div class=\"e-con-inner\">\n\t\t<div class=\"elementor-element elementor-element-cb7f979 e-con-full e-flex e-con e-child\" data-id=\"cb7f979\" data-element_type=\"container\" data-e-type=\"container\">\n\t\t\t\t<div class=\"elementor-element elementor-element-33ad6d4 elementor-widget elementor-widget-heading\" data-id=\"33ad6d4\" data-element_type=\"widget\" data-e-type=\"widget\" data-widget_type=\"heading.default\">\n\t\t\t\t\t<h2 class=\"elementor-heading-title elementor-size-default\">Cookie-Richtlinie<\/h2>\t\t\t\t<\/div>\n\t\t\t\t<\/div>\n\t\t<div class=\"elementor-element elementor-element-5664b55 e-con-full e-flex e-con e-child\" data-id=\"5664b55\" data-element_type=\"container\" data-e-type=\"container\">\n\t\t\t\t<div class=\"elementor-element elementor-element-0c1b18d elementor-widget elementor-widget-heading\" data-id=\"0c1b18d\" data-element_type=\"widget\" data-e-type=\"widget\" data-widget_type=\"heading.default\">\n\t\t\t\t\t<h2 class=\"elementor-heading-title elementor-size-default\">Was sind Cookies?<\/h2>\t\t\t\t<\/div>\n\t\t\t\t<div class=\"elementor-element elementor-element-23934ef elementor-widget elementor-widget-text-editor\" data-id=\"23934ef\" data-element_type=\"widget\" data-e-type=\"widget\" data-widget_type=\"text-editor.default\">\n\t\t\t\t\t\t\t\t\t<p>Cookies sind kleine Textdateien, die auf Ihrem Ger\u00e4t gespeichert werden, wenn Sie eine Website besuchen. Sie verbessern die Funktionalit\u00e4t, Leistung, Analyse und die allgemeine Benutzererfahrung.<\/p>\t\t\t\t\t\t\t\t<\/div>\n\t\t\t\t<\/div>\n\t\t<div class=\"elementor-element elementor-element-9ece2f6 e-con-full e-flex e-con e-child\" data-id=\"9ece2f6\" data-element_type=\"container\" data-e-type=\"container\">\n\t\t\t\t<div class=\"elementor-element elementor-element-af909c2 elementor-widget elementor-widget-heading\" data-id=\"af909c2\" data-element_type=\"widget\" data-e-type=\"widget\" data-widget_type=\"heading.default\">\n\t\t\t\t\t<h2 class=\"elementor-heading-title elementor-size-default\">Arten von verwendeten Cookies<\/h2>\t\t\t\t<\/div>\n\t\t\t\t<div class=\"elementor-element elementor-element-bff4c51 elementor-widget elementor-widget-text-editor\" data-id=\"bff4c51\" data-element_type=\"widget\" data-e-type=\"widget\" data-widget_type=\"text-editor.default\">\n\t\t\t\t\t\t\t\t\t<p><strong>a) Unbedingt erforderliche Cookies<\/strong><\/p><p>Diese Cookies sind f\u00fcr den Betrieb der Website unerl\u00e4sslich und k\u00f6nnen nicht deaktiviert werden.<br \/><br \/>Beispiele hierf\u00fcr sind:<\/p><ul><li>Sitzungscookies<\/li><li>Sicherheitsrelevante Cookies<\/li><li>Einwilligungsverwaltungs-Cookies (z. B. CookieYes)<\/li><\/ul><p><strong>b) Analyse-Cookies (nur mit Einwilligung)<\/strong><\/p><p>Diese Cookies dienen der Analyse des Datenverkehrs und der Verbesserung der Website-Leistung.<br \/><br \/>Beispiele:<\/p><p>Google Analytics (falls aktiviert)<br \/>Analyse-Cookies werden erst nach Ihrer ausdr\u00fccklichen Einwilligung geladen.<\/p><p><strong>c) Funktionalit\u00e4ts-Cookies (optional)<\/strong><\/p><p>Verbessern Sie die Benutzererfahrung, z. B. durch Speichern von Einstellungen.<\/p><p><strong>d) Werbe-\/Tracking-Cookies (optional)<\/strong><\/p><p>Werden nur verwendet, wenn Marketing-Tools integriert sind.<br \/>Sie werden ausschlie\u00dflich nach vorheriger Zustimmung geladen.<\/p>\t\t\t\t\t\t\t\t<\/div>\n\t\t\t\t<\/div>\n\t\t<div class=\"elementor-element elementor-element-81f34d2 e-con-full e-flex e-con e-child\" data-id=\"81f34d2\" data-element_type=\"container\" data-e-type=\"container\">\n\t\t\t\t<div class=\"elementor-element elementor-element-b707cb1 elementor-widget elementor-widget-heading\" data-id=\"b707cb1\" data-element_type=\"widget\" data-e-type=\"widget\" data-widget_type=\"heading.default\">\n\t\t\t\t\t<h2 class=\"elementor-heading-title elementor-size-default\">Cookie-Einwilligung<\/h2>\t\t\t\t<\/div>\n\t\t\t\t<div class=\"elementor-element elementor-element-e440fda elementor-widget elementor-widget-text-editor\" data-id=\"e440fda\" data-element_type=\"widget\" data-e-type=\"widget\" data-widget_type=\"text-editor.default\">\n\t\t\t\t\t\t\t\t\t<p>Beim ersten Besuch erscheint ein Cookie-Banner, \u00fcber das Sie folgende Optionen haben:<\/p><ul><li>Alle Cookies akzeptieren<\/li><li>Alle nicht notwendigen Cookies ablehnen<\/li><li>Individuelle Einstellungen verwalten<\/li><\/ul><p>Es werden keine nicht notwendigen Cookies (Analyse, Marketing) ohne Ihre ausdr\u00fcckliche Zustimmung geladen \u2013 gem\u00e4\u00df den Richtlinien der AEPD.<\/p>\t\t\t\t\t\t\t\t<\/div>\n\t\t\t\t<\/div>\n\t\t<div class=\"elementor-element elementor-element-c712772 e-con-full e-flex e-con e-child\" data-id=\"c712772\" data-element_type=\"container\" data-e-type=\"container\">\n\t\t\t\t<div class=\"elementor-element elementor-element-1157586 elementor-widget elementor-widget-heading\" data-id=\"1157586\" data-element_type=\"widget\" data-e-type=\"widget\" data-widget_type=\"heading.default\">\n\t\t\t\t\t<h2 class=\"elementor-heading-title elementor-size-default\">Wie Sie Ihre Cookie-Einstellungen \u00e4ndern k\u00f6nnen<\/h2>\t\t\t\t<\/div>\n\t\t\t\t<div class=\"elementor-element elementor-element-95f6de8 elementor-widget elementor-widget-text-editor\" data-id=\"95f6de8\" data-element_type=\"widget\" data-e-type=\"widget\" data-widget_type=\"text-editor.default\">\n\t\t\t\t\t\t\t\t\t<p>Sie k\u00f6nnen Ihre Einstellungen jederzeit \u00fcber den Link Cookie-Einstellungen im Footer der Website einsehen oder \u00e4ndern.<\/p><p>Zus\u00e4tzlich k\u00f6nnen Cookies auch \u00fcber die Browsereinstellungen verwaltet werden (Chrome, Firefox, Safari, Edge usw.).<\/p>\t\t\t\t\t\t\t\t<\/div>\n\t\t\t\t<\/div>\n\t\t<div class=\"elementor-element elementor-element-37ff636 e-con-full e-flex e-con e-child\" data-id=\"37ff636\" data-element_type=\"container\" data-e-type=\"container\">\n\t\t\t\t<div class=\"elementor-element elementor-element-74cec7a elementor-widget elementor-widget-heading\" data-id=\"74cec7a\" data-element_type=\"widget\" data-e-type=\"widget\" data-widget_type=\"heading.default\">\n\t\t\t\t\t<h2 class=\"elementor-heading-title elementor-size-default\">Cookies von Drittanbietern<\/h2>\t\t\t\t<\/div>\n\t\t\t\t<div class=\"elementor-element elementor-element-1c4042b elementor-widget elementor-widget-text-editor\" data-id=\"1c4042b\" data-element_type=\"widget\" data-e-type=\"widget\" data-widget_type=\"text-editor.default\">\n\t\t\t\t\t\t\t\t\t<p>Je nach Aktivierung k\u00f6nnen Dienste Dritter Cookies setzen, darunter:<\/p><ul><li>Google Analytics<\/li><li>Google Maps<\/li><li>Eingebettete Inhalte von YouTube\/Vimeo<\/li><li>Soziale Netzwerke (Facebook, Instagram)<\/li><\/ul><p>Jeder Drittanbieter hat eigene Datenschutz- und Cookie-Richtlinien.<\/p>\t\t\t\t\t\t\t\t<\/div>\n\t\t\t\t<\/div>\n\t\t<div class=\"elementor-element elementor-element-d4e0017 e-con-full e-flex e-con e-child\" data-id=\"d4e0017\" data-element_type=\"container\" data-e-type=\"container\">\n\t\t\t\t<div class=\"elementor-element elementor-element-81ec789 elementor-widget elementor-widget-heading\" data-id=\"81ec789\" data-element_type=\"widget\" data-e-type=\"widget\" data-widget_type=\"heading.default\">\n\t\t\t\t\t<h2 class=\"elementor-heading-title elementor-size-default\">Deaktivierung von Cookies<\/h2>\t\t\t\t<\/div>\n\t\t\t\t<div class=\"elementor-element elementor-element-75f8604 elementor-widget elementor-widget-text-editor\" data-id=\"75f8604\" data-element_type=\"widget\" data-e-type=\"widget\" data-widget_type=\"text-editor.default\">\n\t\t\t\t\t\t\t\t\t<p>Sie k\u00f6nnen Cookies in Ihrem Browser deaktivieren. Bitte beachten Sie jedoch, dass dies die Funktionalit\u00e4t der Website beeintr\u00e4chtigen kann.<\/p>\t\t\t\t\t\t\t\t<\/div>\n\t\t\t\t<\/div>\n\t\t<div class=\"elementor-element elementor-element-0bd833f e-con-full e-flex e-con e-child\" data-id=\"0bd833f\" data-element_type=\"container\" data-e-type=\"container\">\n\t\t\t\t<div class=\"elementor-element elementor-element-9abe63c elementor-widget elementor-widget-heading\" data-id=\"9abe63c\" data-element_type=\"widget\" data-e-type=\"widget\" data-widget_type=\"heading.default\">\n\t\t\t\t\t<h2 class=\"elementor-heading-title elementor-size-default\">\u00c4nderungen dieser Cookie-Richtlinie<\/h2>\t\t\t\t<\/div>\n\t\t\t\t<div class=\"elementor-element elementor-element-b38d224 elementor-widget elementor-widget-text-editor\" data-id=\"b38d224\" data-element_type=\"widget\" data-e-type=\"widget\" data-widget_type=\"text-editor.default\">\n\t\t\t\t\t\t\t\t\t<p>Diese Richtlinie kann aktualisiert werden, um \u00c4nderungen gesetzlicher Vorgaben oder Anpassungen im Betrieb der Website zu ber\u00fccksichtigen.<\/p>\t\t\t\t\t\t\t\t<\/div>\n\t\t\t\t<\/div>\n\t\t\t\t\t<\/div>\n\t\t\t\t<\/div>\n\t\t\t\t<\/div>","protected":false},"excerpt":{"rendered":"<p>Cookie Policy What Are Cookies? Cookies are small text files stored on your device when you visit a website. They [&hellip;]<\/p>\n","protected":false},"author":1,"featured_media":0,"parent":0,"menu_order":0,"comment_status":"closed","ping_status":"closed","template":"","meta":{"site-sidebar-layout":"no-sidebar","site-content-layout":"","ast-site-content-layout":"full-width-container","site-content-style":"default","site-sidebar-style":"default","ast-global-header-display":"","ast-banner-title-visibility":"","ast-main-header-display":"","ast-hfb-above-header-display":"","ast-hfb-below-header-display":"","ast-hfb-mobile-header-display":"","site-post-title":"","ast-breadcrumbs-content":"","ast-featured-img":"disabled","footer-sml-layout":"","ast-disable-related-posts":"","theme-transparent-header-meta":"default","adv-header-id-meta":"","stick-header-meta":"","header-above-stick-meta":"","header-main-stick-meta":"","header-below-stick-meta":"","astra-migrate-meta-layouts":"set","ast-page-background-enabled":"default","ast-page-background-meta":{"desktop":{"background-color":"var(--ast-global-color-4)","background-image":"","background-repeat":"repeat","background-position":"center center","background-size":"auto","background-attachment":"scroll","background-type":"","background-media":"","overlay-type":"","overlay-color":"","overlay-opacity":"","overlay-gradient":""},"tablet":{"background-color":"","background-image":"","background-repeat":"repeat","background-position":"center center","background-size":"auto","background-attachment":"scroll","background-type":"","background-media":"","overlay-type":"","overlay-color":"","overlay-opacity":"","overlay-gradient":""},"mobile":{"background-color":"","background-image":"","background-repeat":"repeat","background-position":"center center","background-size":"auto","background-attachment":"scroll","background-type":"","background-media":"","overlay-type":"","overlay-color":"","overlay-opacity":"","overlay-gradient":""}},"ast-content-background-meta":{"desktop":{"background-color":"var(--ast-global-color-5)","background-image":"","background-repeat":"repeat","background-position":"center center","background-size":"auto","background-attachment":"scroll","background-type":"","background-media":"","overlay-type":"","overlay-color":"","overlay-opacity":"","overlay-gradient":""},"tablet":{"background-color":"var(--ast-global-color-5)","background-image":"","background-repeat":"repeat","background-position":"center center","background-size":"auto","background-attachment":"scroll","background-type":"","background-media":"","overlay-type":"","overlay-color":"","overlay-opacity":"","overlay-gradient":""},"mobile":{"background-color":"var(--ast-global-color-5)","background-image":"","background-repeat":"repeat","background-position":"center center","background-size":"auto","background-attachment":"scroll","background-type":"","background-media":"","overlay-type":"","overlay-color":"","overlay-opacity":"","overlay-gradient":""}},"footnotes":""},"class_list":["post-1740","page","type-page","status-publish","hentry"],"yoast_head":"<!-- This site is optimized with the Yoast SEO Premium plugin v27.4 (Yoast SEO v27.4) - https:\/\/yoast.com\/product\/yoast-seo-premium-wordpress\/ -->\n<title>Cookie Policy - Lush Garden Tenerife<\/title>\n<meta name=\"robots\" content=\"index, follow, max-snippet:-1, max-image-preview:large, max-video-preview:-1\" \/>\n<link rel=\"canonical\" href=\"https:\/\/lushgardentenerife.es\/de\/cookie-richtlinie\/\" \/>\n<meta property=\"og:locale\" content=\"de_DE\" \/>\n<meta property=\"og:type\" content=\"article\" \/>\n<meta property=\"og:title\" content=\"Cookie Policy\" \/>\n<meta property=\"og:description\" content=\"Cookie Policy What Are Cookies? Cookies are small text files stored on your device when you visit a website. They [&hellip;]\" \/>\n<meta property=\"og:url\" content=\"https:\/\/lushgardentenerife.es\/de\/cookie-richtlinie\/\" \/>\n<meta property=\"og:site_name\" content=\"Lush Garden Tenerife\" \/>\n<meta property=\"article:modified_time\" content=\"2025-11-22T18:24:03+00:00\" \/>\n<meta name=\"twitter:card\" content=\"summary_large_image\" \/>\n<meta name=\"twitter:label1\" content=\"Gesch\u00e4tzte Lesezeit\" \/>\n\t<meta name=\"twitter:data1\" content=\"1\u00a0Minute\" \/>\n<script type=\"application\/ld+json\" class=\"yoast-schema-graph\">{\"@context\":\"https:\\\/\\\/schema.org\",\"@graph\":[{\"@type\":\"WebPage\",\"@id\":\"https:\\\/\\\/lushgardentenerife.es\\\/cookie-policy\\\/\",\"url\":\"https:\\\/\\\/lushgardentenerife.es\\\/cookie-policy\\\/\",\"name\":\"Cookie Policy - Lush Garden Tenerife\",\"isPartOf\":{\"@id\":\"https:\\\/\\\/lushgardentenerife.es\\\/#website\"},\"datePublished\":\"2025-11-22T18:13:33+00:00\",\"dateModified\":\"2025-11-22T18:24:03+00:00\",\"breadcrumb\":{\"@id\":\"https:\\\/\\\/lushgardentenerife.es\\\/cookie-policy\\\/#breadcrumb\"},\"inLanguage\":\"de\",\"potentialAction\":[{\"@type\":\"ReadAction\",\"target\":[\"https:\\\/\\\/lushgardentenerife.es\\\/cookie-policy\\\/\"]}]},{\"@type\":\"BreadcrumbList\",\"@id\":\"https:\\\/\\\/lushgardentenerife.es\\\/cookie-policy\\\/#breadcrumb\",\"itemListElement\":[{\"@type\":\"ListItem\",\"position\":1,\"name\":\"Kezd\u0151lap\",\"item\":\"https:\\\/\\\/lushgardentenerife.es\\\/\"},{\"@type\":\"ListItem\",\"position\":2,\"name\":\"Cookie Policy\"}]},{\"@type\":\"WebSite\",\"@id\":\"https:\\\/\\\/lushgardentenerife.es\\\/#website\",\"url\":\"https:\\\/\\\/lushgardentenerife.es\\\/\",\"name\":\"Lush Garden Tenerife\",\"description\":\"Create and maintain stunning outdoor gardens with expert care\",\"potentialAction\":[{\"@type\":\"SearchAction\",\"target\":{\"@type\":\"EntryPoint\",\"urlTemplate\":\"https:\\\/\\\/lushgardentenerife.es\\\/?s={search_term_string}\"},\"query-input\":{\"@type\":\"PropertyValueSpecification\",\"valueRequired\":true,\"valueName\":\"search_term_string\"}}],\"inLanguage\":\"de\"}]}<\/script>\n<!-- \/ Yoast SEO Premium plugin. -->","yoast_head_json":{"title":"Cookie-Richtlinie \u2013 Lush Garden Teneriffa","robots":{"index":"index","follow":"follow","max-snippet":"max-snippet:-1","max-image-preview":"max-image-preview:large","max-video-preview":"max-video-preview:-1"},"canonical":"https:\/\/lushgardentenerife.es\/de\/cookie-richtlinie\/","og_locale":"de_DE","og_type":"article","og_title":"Cookie Policy","og_description":"Cookie Policy What Are Cookies? Cookies are small text files stored on your device when you visit a website. They [&hellip;]","og_url":"https:\/\/lushgardentenerife.es\/de\/cookie-richtlinie\/","og_site_name":"Lush Garden Tenerife","article_modified_time":"2025-11-22T18:24:03+00:00","twitter_card":"summary_large_image","twitter_misc":{"Gesch\u00e4tzte Lesezeit":"1\u00a0Minute"},"schema":{"@context":"https:\/\/schema.org","@graph":[{"@type":"WebPage","@id":"https:\/\/lushgardentenerife.es\/cookie-policy\/","url":"https:\/\/lushgardentenerife.es\/cookie-policy\/","name":"Cookie-Richtlinie \u2013 Lush Garden Teneriffa","isPartOf":{"@id":"https:\/\/lushgardentenerife.es\/#website"},"datePublished":"2025-11-22T18:13:33+00:00","dateModified":"2025-11-22T18:24:03+00:00","breadcrumb":{"@id":"https:\/\/lushgardentenerife.es\/cookie-policy\/#breadcrumb"},"inLanguage":"de","potentialAction":[{"@type":"ReadAction","target":["https:\/\/lushgardentenerife.es\/cookie-policy\/"]}]},{"@type":"BreadcrumbList","@id":"https:\/\/lushgardentenerife.es\/cookie-policy\/#breadcrumb","itemListElement":[{"@type":"ListItem","position":1,"name":"Kezd\u0151lap","item":"https:\/\/lushgardentenerife.es\/"},{"@type":"ListItem","position":2,"name":"Cookie Policy"}]},{"@type":"WebSite","@id":"https:\/\/lushgardentenerife.es\/#website","url":"https:\/\/lushgardentenerife.es\/","name":"Lush Garden Tenerife","description":"Gestalten und pflegen Sie beeindruckende Au\u00dfenbereiche mit fachkundiger Betreuung","potentialAction":[{"@type":"SearchAction","target":{"@type":"EntryPoint","urlTemplate":"https:\/\/lushgardentenerife.es\/?s={search_term_string}"},"query-input":{"@type":"PropertyValueSpecification","valueRequired":true,"valueName":"search_term_string"}}],"inLanguage":"de"}]}},"_links":{"self":[{"href":"https:\/\/lushgardentenerife.es\/de\/wp-json\/wp\/v2\/pages\/1740","targetHints":{"allow":["GET"]}}],"collection":[{"href":"https:\/\/lushgardentenerife.es\/de\/wp-json\/wp\/v2\/pages"}],"about":[{"href":"https:\/\/lushgardentenerife.es\/de\/wp-json\/wp\/v2\/types\/page"}],"author":[{"embeddable":true,"href":"https:\/\/lushgardentenerife.es\/de\/wp-json\/wp\/v2\/users\/1"}],"replies":[{"embeddable":true,"href":"https:\/\/lushgardentenerife.es\/de\/wp-json\/wp\/v2\/comments?post=1740"}],"version-history":[{"count":4,"href":"https:\/\/lushgardentenerife.es\/de\/wp-json\/wp\/v2\/pages\/1740\/revisions"}],"predecessor-version":[{"id":1745,"href":"https:\/\/lushgardentenerife.es\/de\/wp-json\/wp\/v2\/pages\/1740\/revisions\/1745"}],"wp:attachment":[{"href":"https:\/\/lushgardentenerife.es\/de\/wp-json\/wp\/v2\/media?parent=1740"}],"curies":[{"name":"wp","href":"https:\/\/api.w.org\/{rel}","templated":true}]}}